{"id":1009,"date":"2025-04-11T20:50:48","date_gmt":"2025-04-11T23:50:48","guid":{"rendered":"https:\/\/foxsom.com.br\/novo\/?post_type=product&#038;p=1009"},"modified":"2025-04-11T20:51:22","modified_gmt":"2025-04-11T23:51:22","slug":"bateria-acustica-michael-trinity-dmt322-mpl-bumbo-22-matte-pale","status":"publish","type":"product","link":"https:\/\/foxsom.com.br\/novo\/produto\/bateria-acustica-michael-trinity-dmt322-mpl-bumbo-22-matte-pale\/","title":{"rendered":"Bateria Ac\u00fastica Michael Trinity DMT322 MPL Bumbo 22&#8242; &#8211; Matte Pale"},"content":{"rendered":"<div class=\"tab-content one active\">\n<div class=\"productDescription\">\n<p>Trinity \u00e9 a nova s\u00e9rie de baterias da Michael que chega para agradar aos bateristas mais vers\u00e1teis. Ela conta com diferentes configura\u00e7\u00f5es e cores muito bonitas, com destaque para as vers\u00f5es amadeiradas que s\u00e3o realmente um diferencial nesta categoria. As novas baterias saem de f\u00e1brica com ferragens resistentes, excelentes acabamentos e ainda t\u00eam como b\u00f4nus: banco, pratos e par de baquetas. Como um dos principais destaques est\u00e3o os p\u00e9s de surdo extralongos, que tem 62cm e d\u00e3o aos bateristas melhores possibilidades de regulagem e muito mais conforto ao tocar. Al\u00e9m disso, ela possui tons mais rasos, trazendo timbres muito mais modernos. Saiba, neste material, todos os detalhes de mais este grande lan\u00e7amento da Michael!<\/p>\n<p>Especifica\u00e7\u00e3o T\u00e9cnica:<\/p>\n<p>&nbsp;<\/p>\n<p>Madeira:Casco em Poplar<br \/>\nTons:10\u2019\u2019x 08\u201d e 12\u2019\u2019x 09\u201d<br \/>\nSurdo de ch\u00e3o:16\u2019\u2019x 16\u201d<br \/>\nBumbo:22\u2019\u2019x 16\u201d<\/p>\n<p>Caixa:<\/p>\n<p>14\u2019\u2019x 5,5\u201d com 8 afina\u00e7\u00f5es com o Autom\u00e1tico<br \/>\ntipo \u201cTrava\u201d<\/p>\n<p>Hardware:<\/p>\n<p>Acompanha estante reta com 3 est\u00e1gios<br \/>\nP\u00e9s de surdo extralongos (62 cm)<br \/>\nM\u00e1quina de Chimbal<br \/>\nPedal de bumbo<br \/>\nFerragens Resistentes<\/p>\n<p>B\u00f4nus:<\/p>\n<p>Banco Acolchoado, Pratos Exclusivos Michael<br \/>\ne Par de Baquetas 5A<\/p>\n<p>Peles:<\/p>\n<p>Filme Simples para Bumbo, Surdo e Tons,<br \/>\nPele Porosa na Caixa<\/p>\n<p>Cores dispon\u00edveis:<\/p>\n<p>Black (BK), Wine Red (WR), Dark Gray (GY),<br \/>\nMatte Pale (MPL), Matte Red (MRD) e Matte<br \/>\nOaky (MDK)<\/p>\n<p>Informa\u00e7\u00f5es Importantes:<\/p>\n<p>&#8211; Os objetos que ambientam as imagens, n\u00e3o acompanham o produto.<br \/>\n&#8211; Fique atento: As cores das imagens podem sofrer altera\u00e7\u00f5es devido a luminosidade, configura\u00e7\u00f5es do monitor e at\u00e9 mesmo a percep\u00e7\u00e3o do usu\u00e1rio.<\/p>\n<\/div>\n<\/div>\n","protected":false},"excerpt":{"rendered":"<p>Trinity \u00e9 a nova s\u00e9rie de baterias da Michael que chega para agradar aos bateristas mais vers\u00e1teis. Ela conta com diferentes configura\u00e7\u00f5es e cores muito bonitas, com destaque para as vers\u00f5es amadeiradas que s\u00e3o realmente um diferencial nesta categoria. As novas baterias saem de f\u00e1brica com ferragens resistentes, excelentes acabamentos e ainda t\u00eam como b\u00f4nus: banco, pratos e par de baquetas. Como um dos principais destaques est\u00e3o os p\u00e9s de surdo extralongos, que tem 62cm e d\u00e3o aos bateristas melhores possibilidades de regulagem e muito mais conforto ao tocar. Al\u00e9m disso, ela possui tons mais rasos, trazendo timbres muito mais modernos. Saiba, neste material, todos os detalhes de mais este grande lan\u00e7amento da Michael!<\/p>\n","protected":false},"featured_media":1010,"comment_status":"open","ping_status":"closed","template":"","meta":{"_joinchat":[]},"product_brand":[],"product_cat":[23],"product_tag":[],"class_list":{"0":"post-1009","1":"product","2":"type-product","3":"status-publish","4":"has-post-thumbnail","6":"product_cat-baterias-e-percussao","8":"first","9":"instock","10":"sale","11":"shipping-taxable","12":"purchasable","13":"product-type-simple"},"_links":{"self":[{"href":"https:\/\/foxsom.com.br\/novo\/wp-json\/wp\/v2\/product\/1009","targetHints":{"allow":["GET"]}}],"collection":[{"href":"https:\/\/foxsom.com.br\/novo\/wp-json\/wp\/v2\/product"}],"about":[{"href":"https:\/\/foxsom.com.br\/novo\/wp-json\/wp\/v2\/types\/product"}],"replies":[{"embeddable":true,"href":"https:\/\/foxsom.com.br\/novo\/wp-json\/wp\/v2\/comments?post=1009"}],"version-history":[{"count":2,"href":"https:\/\/foxsom.com.br\/novo\/wp-json\/wp\/v2\/product\/1009\/revisions"}],"predecessor-version":[{"id":1016,"href":"https:\/\/foxsom.com.br\/novo\/wp-json\/wp\/v2\/product\/1009\/revisions\/1016"}],"wp:featuredmedia":[{"embeddable":true,"href":"https:\/\/foxsom.com.br\/novo\/wp-json\/wp\/v2\/media\/1010"}],"wp:attachment":[{"href":"https:\/\/foxsom.com.br\/novo\/wp-json\/wp\/v2\/media?parent=1009"}],"wp:term":[{"taxonomy":"product_brand","embeddable":true,"href":"https:\/\/foxsom.com.br\/novo\/wp-json\/wp\/v2\/product_brand?post=1009"},{"taxonomy":"product_cat","embeddable":true,"href":"https:\/\/foxsom.com.br\/novo\/wp-json\/wp\/v2\/product_cat?post=1009"},{"taxonomy":"product_tag","embeddable":true,"href":"https:\/\/foxsom.com.br\/novo\/wp-json\/wp\/v2\/product_tag?post=1009"}],"curies":[{"name":"wp","href":"https:\/\/api.w.org\/{rel}","templated":true}]}}