{"id":1023,"date":"2025-04-11T21:01:10","date_gmt":"2025-04-12T00:01:10","guid":{"rendered":"https:\/\/foxsom.com.br\/novo\/?post_type=product&#038;p=1023"},"modified":"2025-04-11T21:01:11","modified_gmt":"2025-04-12T00:01:11","slug":"caixa-de-bateria-mapex-mpml4550c-nl-14-x-5-5-polegadas","status":"publish","type":"product","link":"https:\/\/foxsom.com.br\/novo\/produto\/caixa-de-bateria-mapex-mpml4550c-nl-14-x-5-5-polegadas\/","title":{"rendered":"Caixa de Bateria Mapex MPML4550C NL 14 X 5.5 polegadas"},"content":{"rendered":"<p>Caixa MPX Series Maple 14&#8242; x 5.5&#8242; Mapex MPML4550C NL<\/p>\n<p>Caixa Mapex MPX Series Maple 14 polegadas x 5,5 polegadas, casco em Maple 6.5mm, 10 afina\u00e7\u00f5es, ferragens cromadas, acabamento natural alto brilho, peles Remo.<\/p>\n<p>Todas as caixas MPX possuem &#8216;low mass lugs&#8217; canoas pequenas com o m\u00ednimo de contato, permitindo a vibra\u00e7\u00e3o do casco, aros em a\u00e7o cromado, autom\u00e1tico da esteira totalmente ajust\u00e1vel e peles Remo.<\/p>\n<p>As caixas MPX Maple entregam um som quente e sens\u00edvel com uma resposta brilhante e encorpada. O seu timbre e faixa de afina\u00e7\u00e3o s\u00e3o ideais para uma grande variedade de estilos e g\u00eaneros musicais.<\/p>\n<p>Ideal para uma grande variedade de estilos e g\u00eaneros musicais a Caixa MPX Series Maple 14&#8242; x 5.5&#8242; Mapex MPML4550CNL possui canoas pequenas com o m\u00ednimo de contato, permitindo a vibra\u00e7\u00e3o do casco. &#8211; Marca: Mapex<br \/>\n&#8211; Modelo: MPML 4550C NL<br \/>\n&#8211; Caixa 14&#8242; x 5.5&#8242; em Maple<br \/>\n&#8211; Casco de 6.5mm<br \/>\n&#8211; Acabamento: Natural Alto brilho<br \/>\n&#8211; 10 Afina\u00e7\u00f5es<br \/>\n&#8211; Ferragens: Cromadas<br \/>\n&#8211; Autom\u00e1tico da esteira totalmente ajust\u00e1vel<br \/>\n&#8211; Peles Remo UX<br \/>\n&#8211; Peso: 3,9 kg<br \/>\n&#8211; Dimens\u00f5es do produto (L x P x A): 36 x 36 x 14 cm<\/p>\n<p><strong>Conte\u00fado da embalagem:<\/strong><br \/>\n&#8211; 01 Caixa Mapex MPX Series Maple 14&#8242; x 5.5&#8242;<br \/>\n&#8211; 01 Chave para afina\u00e7\u00e3o<\/p>\n","protected":false},"excerpt":{"rendered":"<p>Caixa Mapex MPX Series Maple 14 polegadas x 5,5 polegadas, casco em Maple 6.5mm, 10 afina\u00e7\u00f5es, ferragens cromadas, acabamento natural alto brilho, peles Remo.<\/p>\n<p>Todas as caixas MPX possuem &#8216;low mass lugs&#8217; canoas pequenas com o m\u00ednimo de contato, permitindo a vibra\u00e7\u00e3o do casco, aros em a\u00e7o cromado, autom\u00e1tico da esteira totalmente ajust\u00e1vel e peles Remo.<\/p>\n<p>As caixas MPX Maple entregam um som quente e sens\u00edvel com uma resposta brilhante e encorpada. O seu timbre e faixa de afina\u00e7\u00e3o s\u00e3o ideais para uma grande variedade de estilos e g\u00eaneros musicais.<\/p>\n","protected":false},"featured_media":1024,"comment_status":"open","ping_status":"closed","template":"","meta":{"_joinchat":[]},"product_brand":[],"product_cat":[23],"product_tag":[],"class_list":{"0":"post-1023","1":"product","2":"type-product","3":"status-publish","4":"has-post-thumbnail","6":"product_cat-baterias-e-percussao","8":"first","9":"instock","10":"sale","11":"shipping-taxable","12":"purchasable","13":"product-type-simple"},"_links":{"self":[{"href":"https:\/\/foxsom.com.br\/novo\/wp-json\/wp\/v2\/product\/1023","targetHints":{"allow":["GET"]}}],"collection":[{"href":"https:\/\/foxsom.com.br\/novo\/wp-json\/wp\/v2\/product"}],"about":[{"href":"https:\/\/foxsom.com.br\/novo\/wp-json\/wp\/v2\/types\/product"}],"replies":[{"embeddable":true,"href":"https:\/\/foxsom.com.br\/novo\/wp-json\/wp\/v2\/comments?post=1023"}],"version-history":[{"count":2,"href":"https:\/\/foxsom.com.br\/novo\/wp-json\/wp\/v2\/product\/1023\/revisions"}],"predecessor-version":[{"id":1027,"href":"https:\/\/foxsom.com.br\/novo\/wp-json\/wp\/v2\/product\/1023\/revisions\/1027"}],"wp:featuredmedia":[{"embeddable":true,"href":"https:\/\/foxsom.com.br\/novo\/wp-json\/wp\/v2\/media\/1024"}],"wp:attachment":[{"href":"https:\/\/foxsom.com.br\/novo\/wp-json\/wp\/v2\/media?parent=1023"}],"wp:term":[{"taxonomy":"product_brand","embeddable":true,"href":"https:\/\/foxsom.com.br\/novo\/wp-json\/wp\/v2\/product_brand?post=1023"},{"taxonomy":"product_cat","embeddable":true,"href":"https:\/\/foxsom.com.br\/novo\/wp-json\/wp\/v2\/product_cat?post=1023"},{"taxonomy":"product_tag","embeddable":true,"href":"https:\/\/foxsom.com.br\/novo\/wp-json\/wp\/v2\/product_tag?post=1023"}],"curies":[{"name":"wp","href":"https:\/\/api.w.org\/{rel}","templated":true}]}}