{"id":1231,"date":"2025-05-07T16:00:49","date_gmt":"2025-05-07T19:00:49","guid":{"rendered":"https:\/\/foxsom.com.br\/novo\/?post_type=product&#038;p=1231"},"modified":"2025-05-14T15:08:08","modified_gmt":"2025-05-14T18:08:08","slug":"piano-digital-kae1-lb-stage-88k-128v-hammer-ac-kurzweil","status":"publish","type":"product","link":"https:\/\/foxsom.com.br\/novo\/produto\/piano-digital-kae1-lb-stage-88k-128v-hammer-ac-kurzweil\/","title":{"rendered":"Piano digital Kurzweil Ka E1 Lb"},"content":{"rendered":"<p>O Piano Digital Kurzweil Ka E1 LB oferece uma experi\u00eancia musical aut\u00eantica com seu teclado graduado de 4 zonas e a\u00e7\u00e3o de martelo H1 Ivory. As teclas pretas possuem textura semelhante \u00e0 madeira e as teclas brancas em marfim reproduzem fielmente a sensa\u00e7\u00e3o de um piano ac\u00fastico, proporcionando maior conforto e naturalidade ao tocar.<\/p>\n<p>Com polifonia de 128 notas, o Ka E1 permite apresenta\u00e7\u00f5es ricas e sem cortes. Sua biblioteca de sons KORE 1.0 com 128 MB inclui uma sele\u00e7\u00e3o de 20 instrumentos cuidadosamente amostrados, entre eles o renomado piano alem\u00e3o, pianos el\u00e9tricos, \u00f3rg\u00e3os e cordas, garantindo versatilidade para diversos estilos musicais.<\/p>\n<p>O teclado permite combina\u00e7\u00f5es sonoras atrav\u00e9s de camadas e divis\u00f5es, com pontos de divis\u00e3o ajust\u00e1veis para maior criatividade nas performances. O metr\u00f4nomo integrado com 14 sinais de tempo auxilia no aprimoramento do ritmo durante as pr\u00e1ticas.<\/p>\n<p>A conectividade Bluetooth + MIDI possibilita tocar m\u00fasicas de smartphones ou tablets diretamente pelos alto-falantes embutidos. Al\u00e9m disso, o gravador MIDI de faixa \u00fanica facilita a captura de suas composi\u00e7\u00f5es e improvisos.<\/p>\n<p>O sistema de som \u00e9 equipado com quatro alto-falantes, totalizando 30 watts de pot\u00eancia (dois amplificadores digitais de 15 W), oferecendo um som n\u00edtido e potente. O Kurzweil Ka E1 LB \u00e9 uma excelente escolha para m\u00fasicos que buscam qualidade e funcionalidade em um instrumento musical moderno.<\/p>\n<p>Dispon\u00edvel na Fox Som, sua loja de instrumentos musicais, equipamentos de som e ilumina\u00e7\u00e3o profissional em Porto Seguro.<\/p>\n<p>ESPECIFICA\u00c7\u00d5ES<br \/>\nTeclado:<br \/>\n88 notas, totalmente contrapeso, graduado em 4 zonas, a\u00e7\u00e3o de martelo com sensibilidade t\u00e1til ajust\u00e1vel (H1 Ivory)<br \/>\nSensibilidade do teclado:<br \/>\n3 configura\u00e7\u00f5es<br \/>\nPolifonia:<br \/>\n128 voice<br \/>\nBiblioteca de som<br \/>\nKORE 1.0 (128 MB)<br \/>\nProgramas de f\u00e1brica:<br \/>\n20<br \/>\nModos de desempenho:<br \/>\nDivide\/Layer\/Duo<br \/>\nTranspose:<br \/>\nTransposi\u00e7\u00e3o completa para qualquer tecla, +\/- uma oitava<br \/>\nMelodia:<br \/>\n+\/- 100 centavos<br \/>\nEfeitos:<br \/>\nReverbera\u00e7\u00e3o e refr\u00e3o<br \/>\nAssinaturas tempor\u00e1rias do metr\u00f4nomo:<br \/>\n14<br \/>\nGrava\u00e7\u00e3o\/Sequenciador:<br \/>\n1 faixa, 1 m\u00fasica<br \/>\nSistema de som:<br \/>\n30 watts (2 x 15 W), 4 alto-falantes, sistema de som est\u00e9reo<br \/>\nEntrada anal\u00f3gica:<br \/>\nEst\u00e9reo 1\/8<br \/>\nSa\u00eddas anal\u00f3gicas:<br \/>\n(1) est\u00e9reo 1\/4<br \/>\nFone de ouvido:<br \/>\n(1) sa\u00eddas de fone de ouvido 1\/4<br \/>\nMIDI:<br \/>\nvia USB e Bluetooth<br \/>\nUSB:<br \/>\nAudio\/MIDI<br \/>\nBluetooth:<br \/>\nAudio BT 5.2\/MIDI<br \/>\nPedais:<br \/>\n(1) Entrada de pedal sustentada\/sustentada. (1) Entrada de pedal suave. (pedal de interruptor padr\u00e3o inclu\u00eddo)<br \/>\nAcess\u00f3rios inclu\u00eddos:<br \/>\nAdaptador de alimenta\u00e7\u00e3o, pedal de suporte (tipo switch), suporte, cabo USB<br \/>\nAltura:<br \/>\n4,4&#8243; (11,2 cm)<br \/>\nProfundidade:<br \/>\n13,3&#8243; (33,7 cm)<br \/>\nComprimento:<br \/>\n52&#8243; (132 cm)<br \/>\nPeso:<br \/>\n32,6 libras (14,8 kg)<br \/>\nResist\u00eancia:<br \/>\nbaterias de fonte de alimenta\u00e7\u00e3o externa 12V DC 2A (c\u00e9lulas alcalinas de 8 D)<\/p>\n","protected":false},"excerpt":{"rendered":"<p>Experimente o realismo e a expressividade de um piano ac\u00fastico com o Kurzweil Ka E1 LB. Com teclado graduado de 4 zonas, 128 vozes de polifonia, sistema de som est\u00e9reo com 4 alto-falantes de 30W e conex\u00e3o Bluetooth+MIDI, \u00e9 perfeito para estudar, apresentar e criar.<\/p>\n","protected":false},"featured_media":1243,"comment_status":"open","ping_status":"closed","template":"","meta":{"_joinchat":[]},"product_brand":[75],"product_cat":[73],"product_tag":[],"class_list":{"0":"post-1231","1":"product","2":"type-product","3":"status-publish","4":"has-post-thumbnail","6":"product_brand-kurzweil","7":"product_cat-piano","9":"first","10":"instock","11":"shipping-taxable","12":"purchasable","13":"product-type-simple"},"_links":{"self":[{"href":"https:\/\/foxsom.com.br\/novo\/wp-json\/wp\/v2\/product\/1231","targetHints":{"allow":["GET"]}}],"collection":[{"href":"https:\/\/foxsom.com.br\/novo\/wp-json\/wp\/v2\/product"}],"about":[{"href":"https:\/\/foxsom.com.br\/novo\/wp-json\/wp\/v2\/types\/product"}],"replies":[{"embeddable":true,"href":"https:\/\/foxsom.com.br\/novo\/wp-json\/wp\/v2\/comments?post=1231"}],"version-history":[{"count":4,"href":"https:\/\/foxsom.com.br\/novo\/wp-json\/wp\/v2\/product\/1231\/revisions"}],"predecessor-version":[{"id":1389,"href":"https:\/\/foxsom.com.br\/novo\/wp-json\/wp\/v2\/product\/1231\/revisions\/1389"}],"wp:featuredmedia":[{"embeddable":true,"href":"https:\/\/foxsom.com.br\/novo\/wp-json\/wp\/v2\/media\/1243"}],"wp:attachment":[{"href":"https:\/\/foxsom.com.br\/novo\/wp-json\/wp\/v2\/media?parent=1231"}],"wp:term":[{"taxonomy":"product_brand","embeddable":true,"href":"https:\/\/foxsom.com.br\/novo\/wp-json\/wp\/v2\/product_brand?post=1231"},{"taxonomy":"product_cat","embeddable":true,"href":"https:\/\/foxsom.com.br\/novo\/wp-json\/wp\/v2\/product_cat?post=1231"},{"taxonomy":"product_tag","embeddable":true,"href":"https:\/\/foxsom.com.br\/novo\/wp-json\/wp\/v2\/product_tag?post=1231"}],"curies":[{"name":"wp","href":"https:\/\/api.w.org\/{rel}","templated":true}]}}