{"id":1303,"date":"2025-05-08T15:14:40","date_gmt":"2025-05-08T18:14:40","guid":{"rendered":"https:\/\/foxsom.com.br\/novo\/?post_type=product&#038;p=1303"},"modified":"2025-10-30T10:05:43","modified_gmt":"2025-10-30T13:05:43","slug":"par-caixa-som-ambiente-jbl-c621b-100w-rms-branca-selenium","status":"publish","type":"product","link":"https:\/\/foxsom.com.br\/novo\/produto\/par-caixa-som-ambiente-jbl-c621b-100w-rms-branca-selenium\/","title":{"rendered":"Par Caixa Som Ambiente JBL C621b 100w Rms Branca Selenium"},"content":{"rendered":"<p>A Caixa de Som Ambiental JBL C621b da Selenium \u00e9 uma solu\u00e7\u00e3o ideal para quem busca qualidade sonora e praticidade na sonoriza\u00e7\u00e3o de ambientes internos. Com pot\u00eancia de 100W RMS, esta caixa compacta oferece uma reprodu\u00e7\u00e3o sonora clara e equilibrada gra\u00e7as ao seu sistema de duas vias, composto por alto-falante e tweeter ajustados para garantir uma experi\u00eancia auditiva agrad\u00e1vel.<\/p>\n<p>Fabricada com gabinete injetado em pl\u00e1stico resistente de alta qualidade, a caixa possui tela frontal em alum\u00ednio, que al\u00e9m de garantir durabilidade, \u00e9 resistente \u00e0 salinidade, tornando o produto adequado para diferentes condi\u00e7\u00f5es de uso. Seu design exclusivo promove uma f\u00e1cil integra\u00e7\u00e3o visual em ambientes como salas de eventos, shoppings, escrit\u00f3rios, hospitais, escolas e at\u00e9 resid\u00eancias.<\/p>\n<p>A instala\u00e7\u00e3o \u00e9 simples e pr\u00e1tica, j\u00e1 que a caixa acompanha suporte espec\u00edfico para fixa\u00e7\u00e3o discreta na parede, garantindo acabamento elegante e otimizado no espa\u00e7o. A versatilidade deste equipamento faz com que ele seja uma excelente escolha para sonoriza\u00e7\u00e3o em cl\u00ednicas, recep\u00e7\u00f5es, hot\u00e9is, supermercados e demais locais que exigem som ambiente de qualidade.<\/p>\n<p>Na Fox Som, loja especializada em instrumentos musicais, equipamentos de som e ilumina\u00e7\u00e3o profissional em Porto Seguro, a JBL C621b \u00e9 um destaque para quem deseja unir efici\u00eancia sonora, resist\u00eancia e estilo em um s\u00f3 produto.<\/p>\n<p>Caracter\u00edsticas principais:<\/p>\n<ul>\n<li>Pot\u00eancia: 100W RMS<\/li>\n<li>Sistema de duas vias (alto-falante + tweeter)<\/li>\n<li>Gabinete em pl\u00e1stico injetado de alta resist\u00eancia<\/li>\n<li>Tela frontal em alum\u00ednio resistente \u00e0 salinidade<\/li>\n<li>Suporte para instala\u00e7\u00e3o em parede incluso<\/li>\n<li>Design compacto e discreto para f\u00e1cil integra\u00e7\u00e3o ambiental<\/li>\n<\/ul>\n<p>Tenha a qualidade e confiabilidade da linha JBL Selenium com o melhor atendimento e suporte da Fox Som.<\/p>\n<p>Especifica\u00e7\u00f5es Tecnicas<\/p>\n<p>\u2022 Marca: JBL<\/p>\n<p>\u2022 Modelo: C621b<\/p>\n<p>\u2022 Acabamento:Injetada em Pl\u00e1stico e tela frontal em alum\u00ednio,<\/p>\n<p>\u2022 Material ABS Alto Falantes: 6&#8243; WO cone PP + 1&#8243; TW dorno PEI<\/p>\n<p>\u2022 Cor: Branco<\/p>\n<p>\u2022 Imped\u00e2ncia: 8 Ohms<\/p>\n<p>\u2022 Pot\u00eancia: 50W RMS (cada)<\/p>\n<p>\u2022 Potencia de Pico: 100W<\/p>\n<p>\u2022 Resposta Frequ\u00eancia: 85 Hz a 20 KHz<\/p>\n<p>Dimens\u00f5es<\/p>\n<p>\u2022 Altura: 28,5 cm<\/p>\n<p>\u2022 Largura: 21,5 cm<\/p>\n<p>\u2022 Profundidade: 17,7 cm<\/p>\n<p>\u2022 Peso: 3,2kg<\/p>\n<p>Conteudo da embalagem<\/p>\n<p>\u2022 2x Caixas C621B<\/p>\n<p>\u2022 1x Folheto T\u00e9cnico<\/p>\n<p>\u2022 1x Certificado de Garantia<\/p>\n","protected":false},"excerpt":{"rendered":"<p>Caixa de som ambiental compacta e resistente, ideal para sonoriza\u00e7\u00e3o de diversos ambientes como eventos, lojas e resid\u00eancias. Possui alta qualidade ac\u00fastica com duas vias, f\u00e1cil instala\u00e7\u00e3o com suporte para parede e design discreto que integra perfeitamente no espa\u00e7o.<\/p>\n","protected":false},"featured_media":1305,"comment_status":"open","ping_status":"closed","template":"","meta":{"_joinchat":[]},"product_brand":[78],"product_cat":[76],"product_tag":[],"class_list":{"0":"post-1303","1":"product","2":"type-product","3":"status-publish","4":"has-post-thumbnail","6":"product_brand-jbl","7":"product_cat-caixa-de-som","9":"first","10":"instock","11":"shipping-taxable","12":"purchasable","13":"product-type-simple"},"_links":{"self":[{"href":"https:\/\/foxsom.com.br\/novo\/wp-json\/wp\/v2\/product\/1303","targetHints":{"allow":["GET"]}}],"collection":[{"href":"https:\/\/foxsom.com.br\/novo\/wp-json\/wp\/v2\/product"}],"about":[{"href":"https:\/\/foxsom.com.br\/novo\/wp-json\/wp\/v2\/types\/product"}],"replies":[{"embeddable":true,"href":"https:\/\/foxsom.com.br\/novo\/wp-json\/wp\/v2\/comments?post=1303"}],"version-history":[{"count":3,"href":"https:\/\/foxsom.com.br\/novo\/wp-json\/wp\/v2\/product\/1303\/revisions"}],"predecessor-version":[{"id":1406,"href":"https:\/\/foxsom.com.br\/novo\/wp-json\/wp\/v2\/product\/1303\/revisions\/1406"}],"wp:featuredmedia":[{"embeddable":true,"href":"https:\/\/foxsom.com.br\/novo\/wp-json\/wp\/v2\/media\/1305"}],"wp:attachment":[{"href":"https:\/\/foxsom.com.br\/novo\/wp-json\/wp\/v2\/media?parent=1303"}],"wp:term":[{"taxonomy":"product_brand","embeddable":true,"href":"https:\/\/foxsom.com.br\/novo\/wp-json\/wp\/v2\/product_brand?post=1303"},{"taxonomy":"product_cat","embeddable":true,"href":"https:\/\/foxsom.com.br\/novo\/wp-json\/wp\/v2\/product_cat?post=1303"},{"taxonomy":"product_tag","embeddable":true,"href":"https:\/\/foxsom.com.br\/novo\/wp-json\/wp\/v2\/product_tag?post=1303"}],"curies":[{"name":"wp","href":"https:\/\/api.w.org\/{rel}","templated":true}]}}