{"id":1316,"date":"2025-05-08T15:34:50","date_gmt":"2025-05-08T18:34:50","guid":{"rendered":"https:\/\/foxsom.com.br\/novo\/?post_type=product&#038;p=1316"},"modified":"2025-05-14T15:53:13","modified_gmt":"2025-05-14T18:53:13","slug":"microfone-dinamico-akg-p3s-perception-p3-s-p-3s-voz-e-violao-cor-geral","status":"publish","type":"product","link":"https:\/\/foxsom.com.br\/novo\/produto\/microfone-dinamico-akg-p3s-perception-p3-s-p-3s-voz-e-violao-cor-geral\/","title":{"rendered":"Microfone Din\u00e2mico Akg P3s Perception P3 S P 3s Voz E Viol\u00e3o Cor GERAL"},"content":{"rendered":"<p>O Microfone Din\u00e2mico AKG Perception P3s \u00e9 uma excelente escolha para m\u00fasicos e vocalistas que buscam qualidade e praticidade em um \u00fanico equipamento. Reconhecida mundialmente, a AKG produz microfones que unem tecnologia avan\u00e7ada com design industrial inovador, garantindo resultados profissionais em qualquer cen\u00e1rio.<\/p>\n<p>Esse modelo \u00e9 totalmente din\u00e2mico, o que significa que pode ser utilizado sem necessidade de fonte de alimenta\u00e7\u00e3o externa, oferecendo grande autonomia para apresenta\u00e7\u00f5es e grava\u00e7\u00f5es tanto em ambientes internos quanto externos. Seu design ac\u00fastico foi desenvolvido para minimizar ru\u00eddos causados pela manipula\u00e7\u00e3o, proporcionando capturas sonoras limpas e fi\u00e9is \u00e0 realidade.<\/p>\n<p>Leve e compacto, o Perception P3s adapta-se facilmente a diversos tipos de suportes e p\u00e9s, facilitando o posicionamento ideal para capta\u00e7\u00e3o de voz e instrumentos, especialmente viol\u00e3o. Na Fox Som, loja de som e instrumentos musicais em Porto Seguro, voc\u00ea encontra equipamentos profissionais como esse microfone, perfeitos para elevar seu desempenho musical com qualidade e confian\u00e7a.<\/p>\n<div class=\"ui-pdp-container__row ui-pdp-container__row--highlighted-features-title\">\n<h2 class=\"ui-vpp-text-alignment--left ui-pdp-color--BLACK ui-pdp-size--XSMALL ui-pdp-family--SEMIBOLD highlighted-features-title\">O que voc\u00ea precisa saber sobre este produto<\/h2>\n<\/div>\n<div class=\"ui-pdp-container__row ui-pdp-container__row--highlighted-features\">\n<div class=\"ui-vpp-highlighted-specs__features\">\n<ul class=\"ui-vpp-highlighted-specs__features-list\">\n<li class=\"ui-vpp-highlighted-specs__features-list-item ui-pdp-color--BLACK ui-pdp-size--XSMALL ui-pdp-family--REGULAR\">\u00c9 recomendado para vozes, instrumentos.<\/li>\n<li class=\"ui-vpp-highlighted-specs__features-list-item ui-pdp-color--BLACK ui-pdp-size--XSMALL ui-pdp-family--REGULAR\">Formato: de m\u00e3o.<\/li>\n<li class=\"ui-vpp-highlighted-specs__features-list-item ui-pdp-color--BLACK ui-pdp-size--XSMALL ui-pdp-family--REGULAR\">Conector\/es de sa\u00edda: xlr-3.<\/li>\n<li class=\"ui-vpp-highlighted-specs__features-list-item ui-pdp-color--BLACK ui-pdp-size--XSMALL ui-pdp-family--REGULAR\">Frequ\u00eancia m\u00ednima: 40Hz.<\/li>\n<li class=\"ui-vpp-highlighted-specs__features-list-item ui-pdp-color--BLACK ui-pdp-size--XSMALL ui-pdp-family--REGULAR\">Sente a liberdade e o dinamismo ao gravar com o microfone de m\u00e3o.<\/li>\n<li class=\"ui-vpp-highlighted-specs__features-list-item ui-pdp-color--BLACK ui-pdp-size--XSMALL ui-pdp-family--REGULAR\">Com acess\u00f3rios inclu\u00eddos.<\/li>\n<li class=\"ui-vpp-highlighted-specs__features-list-item ui-pdp-color--BLACK ui-pdp-size--XSMALL ui-pdp-family--REGULAR\">A melhor qualidade para as suas transmiss\u00f5es.<\/li>\n<li class=\"ui-vpp-highlighted-specs__features-list-item ui-pdp-color--BLACK ui-pdp-size--XSMALL ui-pdp-family--REGULAR\">Alta resolu\u00e7\u00e3o.<\/li>\n<li class=\"ui-vpp-highlighted-specs__features-list-item ui-pdp-color--BLACK ui-pdp-size--XSMALL ui-pdp-family--REGULAR\">Microfone din\u00e2mico AKG P3 S com padr\u00e3o polar cardioide, ideal para vozes e instrumentos.<\/li>\n<li class=\"ui-vpp-highlighted-specs__features-list-item ui-pdp-color--BLACK ui-pdp-size--XSMALL ui-pdp-family--REGULAR\">Frequ\u00eancia m\u00e1xima: 20 kHz.<\/li>\n<li class=\"ui-vpp-highlighted-specs__features-list-item ui-pdp-color--BLACK ui-pdp-size--XSMALL ui-pdp-family--REGULAR\">Equipado com conex\u00e3o com fio XLR-3, oferece frequ\u00eancia de 40 Hz a 20 kHz.<\/li>\n<\/ul>\n<\/div>\n<\/div>\n","protected":false},"excerpt":{"rendered":"<p>Microfone din\u00e2mico AKG Perception P3s que oferece alta qualidade sonora para voz e instrumentos como viol\u00e3o. Projetado com design ergon\u00f4mico, \u00e9 leve, resistente a ru\u00eddos de manuseio e dispensa fonte de alimenta\u00e7\u00e3o, ideal para uso interno e externo.<\/p>\n","protected":false},"featured_media":1322,"comment_status":"open","ping_status":"closed","template":"","meta":{"_joinchat":[]},"product_brand":[79],"product_cat":[80],"product_tag":[],"class_list":{"0":"post-1316","1":"product","2":"type-product","3":"status-publish","4":"has-post-thumbnail","6":"product_brand-akg","7":"product_cat-microfone","9":"first","10":"instock","11":"shipping-taxable","12":"purchasable","13":"product-type-simple"},"_links":{"self":[{"href":"https:\/\/foxsom.com.br\/novo\/wp-json\/wp\/v2\/product\/1316","targetHints":{"allow":["GET"]}}],"collection":[{"href":"https:\/\/foxsom.com.br\/novo\/wp-json\/wp\/v2\/product"}],"about":[{"href":"https:\/\/foxsom.com.br\/novo\/wp-json\/wp\/v2\/types\/product"}],"replies":[{"embeddable":true,"href":"https:\/\/foxsom.com.br\/novo\/wp-json\/wp\/v2\/comments?post=1316"}],"version-history":[{"count":3,"href":"https:\/\/foxsom.com.br\/novo\/wp-json\/wp\/v2\/product\/1316\/revisions"}],"predecessor-version":[{"id":1408,"href":"https:\/\/foxsom.com.br\/novo\/wp-json\/wp\/v2\/product\/1316\/revisions\/1408"}],"wp:featuredmedia":[{"embeddable":true,"href":"https:\/\/foxsom.com.br\/novo\/wp-json\/wp\/v2\/media\/1322"}],"wp:attachment":[{"href":"https:\/\/foxsom.com.br\/novo\/wp-json\/wp\/v2\/media?parent=1316"}],"wp:term":[{"taxonomy":"product_brand","embeddable":true,"href":"https:\/\/foxsom.com.br\/novo\/wp-json\/wp\/v2\/product_brand?post=1316"},{"taxonomy":"product_cat","embeddable":true,"href":"https:\/\/foxsom.com.br\/novo\/wp-json\/wp\/v2\/product_cat?post=1316"},{"taxonomy":"product_tag","embeddable":true,"href":"https:\/\/foxsom.com.br\/novo\/wp-json\/wp\/v2\/product_tag?post=1316"}],"curies":[{"name":"wp","href":"https:\/\/api.w.org\/{rel}","templated":true}]}}