{"id":1339,"date":"2025-05-08T15:57:37","date_gmt":"2025-05-08T18:57:37","guid":{"rendered":"https:\/\/foxsom.com.br\/novo\/?post_type=product&#038;p=1339"},"modified":"2025-05-14T16:10:29","modified_gmt":"2025-05-14T19:10:29","slug":"monitor-de-palco-jbl-prx812-com-wifi-black-127-220v","status":"publish","type":"product","link":"https:\/\/foxsom.com.br\/novo\/produto\/monitor-de-palco-jbl-prx812-com-wifi-black-127-220v\/","title":{"rendered":"Monitor de palco JBL PRX812 com wifi black 127\/220V"},"content":{"rendered":"<p>O monitor de palco ativo JBL PRX812, dispon\u00edvel na Fox Som, loja de som em Porto Seguro, \u00e9 a solu\u00e7\u00e3o completa para quem busca som de qualidade superior com praticidade. Com um som natural, clara defini\u00e7\u00e3o e dispers\u00e3o uniforme, o PRX812 garante excelente reprodu\u00e7\u00e3o de vozes, instrumentos musicais e conte\u00fados multim\u00eddia.<\/p>\n<p>Este modelo ativo elimina a necessidade de amplificadores externos, pois integra amplifica\u00e7\u00e3o pr\u00f3pria, tornando sua instala\u00e7\u00e3o mais simples e menos cheia de cabos. Al\u00e9m disso, o sistema WiFi embutido oferece maior comodidade para conex\u00e3o e controle do \u00e1udio em diferentes ambientes.<\/p>\n<p>Projetado para uso profissional em est\u00fadios, apresenta\u00e7\u00f5es, DJs e eventos ao vivo, o monitor \u00e9 bivolt (127\/220V), permitindo opera\u00e7\u00e3o em diversas situa\u00e7\u00f5es sem preocupa\u00e7\u00e3o com a voltagem. Seu design robusto \u00e9 adequado tanto para ambientes internos quanto externos, garantindo desempenho consistente onde quer que seja utilizado.<\/p>\n<p>Na embalagem, voc\u00ea recebe o alto-falante JBL PRX812 pronto para uso imediato. Confie no padr\u00e3o Fox Som e leve para seu setup um equipamento que alia pot\u00eancia, qualidade e versatilidade para suas apresenta\u00e7\u00f5es e produ\u00e7\u00f5es musicais.<\/p>\n<div class=\"ui-pdp-container__row ui-pdp-container__row--highlighted-features-title\">\n<h3 class=\"ui-vpp-text-alignment--left ui-pdp-color--BLACK ui-pdp-size--XSMALL ui-pdp-family--SEMIBOLD highlighted-features-title\">O que voc\u00ea precisa saber sobre este produto<\/h3>\n<\/div>\n<div class=\"ui-pdp-container__row ui-pdp-container__row--highlighted-features\">\n<div class=\"ui-vpp-highlighted-specs__features\">\n<ul class=\"ui-vpp-highlighted-specs__features-list\">\n<li class=\"ui-vpp-highlighted-specs__features-list-item ui-pdp-color--BLACK ui-pdp-size--XSMALL ui-pdp-family--REGULAR\">Tipo de alto-falante: woofer.<\/li>\n<li class=\"ui-vpp-highlighted-specs__features-list-item ui-pdp-color--BLACK ui-pdp-size--XSMALL ui-pdp-family--REGULAR\">Adequado para uso ao ar livre.<\/li>\n<li class=\"ui-vpp-highlighted-specs__features-list-item ui-pdp-color--BLACK ui-pdp-size--XSMALL ui-pdp-family--REGULAR\">Possui conectividade Wi-Fi.<\/li>\n<li class=\"ui-vpp-highlighted-specs__features-list-item ui-pdp-color--BLACK ui-pdp-size--XSMALL ui-pdp-family--REGULAR\">Possui luzes LED.<\/li>\n<li class=\"ui-vpp-highlighted-specs__features-list-item ui-pdp-color--BLACK ui-pdp-size--XSMALL ui-pdp-family--REGULAR\">Pot\u00eancia de 10W.<\/li>\n<li class=\"ui-vpp-highlighted-specs__features-list-item ui-pdp-color--BLACK ui-pdp-size--XSMALL ui-pdp-family--REGULAR\">Vem com um microfone de acess\u00f3rio.<\/li>\n<li class=\"ui-vpp-highlighted-specs__features-list-item ui-pdp-color--BLACK ui-pdp-size--XSMALL ui-pdp-family--REGULAR\">Conector de entrada: XLR.<\/li>\n<li class=\"ui-vpp-highlighted-specs__features-list-item ui-pdp-color--BLACK ui-pdp-size--XSMALL ui-pdp-family--REGULAR\">Lugar de coloca\u00e7\u00e3o: o piso.<\/li>\n<li class=\"ui-vpp-highlighted-specs__features-list-item ui-pdp-color--BLACK ui-pdp-size--XSMALL ui-pdp-family--REGULAR\">Dimens\u00f5es: 38.5cm de largura, 59.9cm de altura e 34.1cm de profundidade.<\/li>\n<\/ul>\n<\/div>\n<\/div>\n","protected":false},"excerpt":{"rendered":"<p>O monitor de palco ativo JBL PRX812 oferece som natural com alta clareza e pot\u00eancia, ideal para ambientes internos e externos. Equipado com WiFi e sistema bivolt, \u00e9 perfeito para DJs, m\u00fasicos e profissionais que buscam praticidade e desempenho em um \u00fanico equipamento.<\/p>\n","protected":false},"featured_media":1342,"comment_status":"open","ping_status":"closed","template":"","meta":{"_joinchat":[]},"product_brand":[78],"product_cat":[76],"product_tag":[],"class_list":{"0":"post-1339","1":"product","2":"type-product","3":"status-publish","4":"has-post-thumbnail","6":"product_brand-jbl","7":"product_cat-caixa-de-som","9":"first","10":"instock","11":"shipping-taxable","12":"purchasable","13":"product-type-simple"},"_links":{"self":[{"href":"https:\/\/foxsom.com.br\/novo\/wp-json\/wp\/v2\/product\/1339","targetHints":{"allow":["GET"]}}],"collection":[{"href":"https:\/\/foxsom.com.br\/novo\/wp-json\/wp\/v2\/product"}],"about":[{"href":"https:\/\/foxsom.com.br\/novo\/wp-json\/wp\/v2\/types\/product"}],"replies":[{"embeddable":true,"href":"https:\/\/foxsom.com.br\/novo\/wp-json\/wp\/v2\/comments?post=1339"}],"version-history":[{"count":4,"href":"https:\/\/foxsom.com.br\/novo\/wp-json\/wp\/v2\/product\/1339\/revisions"}],"predecessor-version":[{"id":1415,"href":"https:\/\/foxsom.com.br\/novo\/wp-json\/wp\/v2\/product\/1339\/revisions\/1415"}],"wp:featuredmedia":[{"embeddable":true,"href":"https:\/\/foxsom.com.br\/novo\/wp-json\/wp\/v2\/media\/1342"}],"wp:attachment":[{"href":"https:\/\/foxsom.com.br\/novo\/wp-json\/wp\/v2\/media?parent=1339"}],"wp:term":[{"taxonomy":"product_brand","embeddable":true,"href":"https:\/\/foxsom.com.br\/novo\/wp-json\/wp\/v2\/product_brand?post=1339"},{"taxonomy":"product_cat","embeddable":true,"href":"https:\/\/foxsom.com.br\/novo\/wp-json\/wp\/v2\/product_cat?post=1339"},{"taxonomy":"product_tag","embeddable":true,"href":"https:\/\/foxsom.com.br\/novo\/wp-json\/wp\/v2\/product_tag?post=1339"}],"curies":[{"name":"wp","href":"https:\/\/api.w.org\/{rel}","templated":true}]}}