{"id":1347,"date":"2025-05-08T16:01:23","date_gmt":"2025-05-08T19:01:23","guid":{"rendered":"https:\/\/foxsom.com.br\/novo\/?post_type=product&#038;p=1347"},"modified":"2025-05-14T16:13:27","modified_gmt":"2025-05-14T19:13:27","slug":"alto-falante-jbl-prx815-portatil-com-wifi-preto-127-220v","status":"publish","type":"product","link":"https:\/\/foxsom.com.br\/novo\/produto\/alto-falante-jbl-prx815-portatil-com-wifi-preto-127-220v\/","title":{"rendered":"Alto-falante Jbl Prx815 Port\u00e1til Com Wifi Preto 127\/220v"},"content":{"rendered":"<p>A caixa de som JBL PRX815 \u00e9 perfeita para quem busca um sistema port\u00e1til com alta pot\u00eancia e qualidade sonora. Com seus 1500W de pot\u00eancia e o alto-falante JBL Differential Drive de 15 polegadas, entrega uma reprodu\u00e7\u00e3o sonora de alta defini\u00e7\u00e3o, com graves profundos que garantem uma experi\u00eancia sonora envolvente.<\/p>\n<p>Al\u00e9m da qualidade de \u00e1udio, o PRX815 destaca-se pela conectividade avan\u00e7ada, contando com Wi-Fi integrado e compatibilidade com o aplicativo HARMAN Connected PA. Isso possibilita ajustes remotos e configura\u00e7\u00f5es personalizadas diretamente pelo smartphone, facilitando o manuseio durante eventos.<\/p>\n<p>Constru\u00edda para durar, a caixa possui acabamento Obsidian DuraFlex\u2122, que oferece resist\u00eancia a impactos e desgastes do uso frequente. Para maior versatilidade, apresenta pontos M10 para i\u00e7amento e suporte com dois \u00e2ngulos distintos, permitindo uso como sistema principal ou monitor de ch\u00e3o conforme a necessidade.<\/p>\n<p>Dispon\u00edvel em 127\/220V e na cor preta, este equipamento \u00e9 uma excelente op\u00e7\u00e3o para quem busca pot\u00eancia, portabilidade e tecnologia em um \u00fanico produto. Na Fox Som, loja de som em Porto Seguro especializada em instrumentos musicais, equipamentos de som e ilumina\u00e7\u00e3o profissional, voc\u00ea encontra a JBL PRX815 para ampliar o seu setup com qualidade e confian\u00e7a.<\/p>\n<p>Especifica\u00e7\u00f5es:<br \/>\n&#8211; Marca: JBL;<br \/>\n&#8211; Modelo: PRX815;<br \/>\n&#8211; Cor: Preto;<br \/>\n&#8211; Power Rating: (W, Peak)1500;<br \/>\n&#8211; Resposta de Frequ\u00eancia: Hz (\u00b13 dB)56 &#8211; 20,000;<br \/>\n&#8211; SPL M\u00e1ximo (Pico dB): 137;<br \/>\n&#8211; Padr\u00e3o de Cobertura Ac\u00fastica (Nominal): 90\u00b0 x 50\u00b0.<\/p>\n<p>Caracter\u00edsticas:<br \/>\n&#8211; Suporte com dois \u00e2ngulos para haste: Sim;<br \/>\n&#8211; Pontos M10 para i\u00e7amento: Sim;<br \/>\n&#8211; Wi-Fi: Sim;<br \/>\n&#8211; Aplicativo dispon\u00edvel para iOS e Android: Sim;<br \/>\n&#8211; Alto falante JBL Differential Drive: Sim;<br \/>\n&#8211; Acabamento: Acabamento Obsidian DuraFlex\u2122.<\/p>\n<p>Qual o conte\u00fado da caixa?<br \/>\n&#8211; 1 PRX815;<br \/>\n&#8211; 1 cabo IEC;<br \/>\n&#8211; 1 guia do usu\u00e1rio.<\/p>\n","protected":false},"excerpt":{"rendered":"<p>O alto-falante JBL PRX815 oferece pot\u00eancia de 1500W com som cristalino e graves profundos, ideal para m\u00fasicos, DJs e apresentadores. Compacto e port\u00e1til, incorpora Wi-Fi para controle via aplicativo Harman Connected PA, combinando desempenho profissional e praticidade.<\/p>\n","protected":false},"featured_media":1348,"comment_status":"open","ping_status":"closed","template":"","meta":{"_joinchat":[]},"product_brand":[78],"product_cat":[81,76],"product_tag":[],"class_list":{"0":"post-1347","1":"product","2":"type-product","3":"status-publish","4":"has-post-thumbnail","6":"product_brand-jbl","7":"product_cat-caixa-acustica-passiva","8":"product_cat-caixa-de-som","10":"first","11":"instock","12":"shipping-taxable","13":"purchasable","14":"product-type-simple"},"_links":{"self":[{"href":"https:\/\/foxsom.com.br\/novo\/wp-json\/wp\/v2\/product\/1347","targetHints":{"allow":["GET"]}}],"collection":[{"href":"https:\/\/foxsom.com.br\/novo\/wp-json\/wp\/v2\/product"}],"about":[{"href":"https:\/\/foxsom.com.br\/novo\/wp-json\/wp\/v2\/types\/product"}],"replies":[{"embeddable":true,"href":"https:\/\/foxsom.com.br\/novo\/wp-json\/wp\/v2\/comments?post=1347"}],"version-history":[{"count":3,"href":"https:\/\/foxsom.com.br\/novo\/wp-json\/wp\/v2\/product\/1347\/revisions"}],"predecessor-version":[{"id":1417,"href":"https:\/\/foxsom.com.br\/novo\/wp-json\/wp\/v2\/product\/1347\/revisions\/1417"}],"wp:featuredmedia":[{"embeddable":true,"href":"https:\/\/foxsom.com.br\/novo\/wp-json\/wp\/v2\/media\/1348"}],"wp:attachment":[{"href":"https:\/\/foxsom.com.br\/novo\/wp-json\/wp\/v2\/media?parent=1347"}],"wp:term":[{"taxonomy":"product_brand","embeddable":true,"href":"https:\/\/foxsom.com.br\/novo\/wp-json\/wp\/v2\/product_brand?post=1347"},{"taxonomy":"product_cat","embeddable":true,"href":"https:\/\/foxsom.com.br\/novo\/wp-json\/wp\/v2\/product_cat?post=1347"},{"taxonomy":"product_tag","embeddable":true,"href":"https:\/\/foxsom.com.br\/novo\/wp-json\/wp\/v2\/product_tag?post=1347"}],"curies":[{"name":"wp","href":"https:\/\/api.w.org\/{rel}","templated":true}]}}