{"id":1575,"date":"2025-05-22T12:19:10","date_gmt":"2025-05-22T15:19:10","guid":{"rendered":"https:\/\/foxsom.com.br\/novo\/?post_type=product&#038;p=1575"},"modified":"2025-05-30T14:55:48","modified_gmt":"2025-05-30T17:55:48","slug":"encordoamento-violao-daddario-ez910-011-052","status":"publish","type":"product","link":"https:\/\/foxsom.com.br\/novo\/produto\/encordoamento-violao-daddario-ez910-011-052\/","title":{"rendered":"Encordoamento Viol\u00e3o D&#8217;Addario EZ910 011-052"},"content":{"rendered":"<p><strong>Descri\u00e7\u00e3o do Produto:<\/strong><\/p>\n<p>As cordas 85\/15 Great American Bronze t\u00eam som brilhante e com muito sustain. Combinam o brilho das 80\/20 Bronze com as caracter\u00edsticas de durabilidade das Phosphor Bronze.<\/p>\n<p><strong>Caracter\u00edsticas Principais:<\/strong><\/p>\n<ul>\n<li><strong>Marca:<\/strong> D&#8217;Addario<\/li>\n<li><strong>Linha:<\/strong> EZ<\/li>\n<li><strong>Modelo:<\/strong> EZ910<\/li>\n<li><strong>Instrumento recomendado:<\/strong> Viol\u00e3o<\/li>\n<li><strong>Quantidade de cordas:<\/strong> 6<\/li>\n<li><strong>Calibres:<\/strong> 011<\/li>\n<li><strong>Materiais:<\/strong> Bronze<\/li>\n<li><strong>Tens\u00e3o:<\/strong> M\u00e9dia<\/li>\n<li><strong>Notas:<\/strong> Mi, Sol, Re, La<\/li>\n<li><strong>Escala:<\/strong> 1:10<\/li>\n<\/ul>\n<p><strong>Unidades por kit:<\/strong> 1<\/p>\n<p><strong>Envio:<\/strong> Envio para todo o pa\u00eds<\/p>\n","protected":false},"excerpt":{"rendered":"<p><strong>Encordoamento Viol\u00e3o D&#8217;Addario EZ910 011-052<\/strong><\/p>\n<p>As cordas 85\/15 Great American Bronze oferecem um som brilhante e um sustain excepcional. Elas combinam o brilho das 80\/20 Bronze com a durabilidade das Phosphor Bronze.<\/p>\n<p><strong>Caracter\u00edsticas:<\/strong><\/p>\n<ul>\n<li><strong>Modelo:<\/strong> EZ910<\/li>\n<li><strong>Tens\u00e3o:<\/strong> M\u00e9dia<\/li>\n<li><strong>Quantidade de Cordas:<\/strong> 6<\/li>\n<li><strong>Material:<\/strong> Bronze<\/li>\n<li><strong>Notas:<\/strong> Mi, Sol, Re, La<\/li>\n<\/ul>\n","protected":false},"featured_media":1576,"comment_status":"open","ping_status":"closed","template":"","meta":{"_joinchat":[]},"product_brand":[],"product_cat":[21],"product_tag":[],"class_list":{"0":"post-1575","1":"product","2":"type-product","3":"status-publish","4":"has-post-thumbnail","6":"product_cat-cordas","8":"first","9":"instock","10":"featured","11":"shipping-taxable","12":"purchasable","13":"product-type-simple"},"_links":{"self":[{"href":"https:\/\/foxsom.com.br\/novo\/wp-json\/wp\/v2\/product\/1575","targetHints":{"allow":["GET"]}}],"collection":[{"href":"https:\/\/foxsom.com.br\/novo\/wp-json\/wp\/v2\/product"}],"about":[{"href":"https:\/\/foxsom.com.br\/novo\/wp-json\/wp\/v2\/types\/product"}],"replies":[{"embeddable":true,"href":"https:\/\/foxsom.com.br\/novo\/wp-json\/wp\/v2\/comments?post=1575"}],"version-history":[{"count":2,"href":"https:\/\/foxsom.com.br\/novo\/wp-json\/wp\/v2\/product\/1575\/revisions"}],"predecessor-version":[{"id":1757,"href":"https:\/\/foxsom.com.br\/novo\/wp-json\/wp\/v2\/product\/1575\/revisions\/1757"}],"wp:featuredmedia":[{"embeddable":true,"href":"https:\/\/foxsom.com.br\/novo\/wp-json\/wp\/v2\/media\/1576"}],"wp:attachment":[{"href":"https:\/\/foxsom.com.br\/novo\/wp-json\/wp\/v2\/media?parent=1575"}],"wp:term":[{"taxonomy":"product_brand","embeddable":true,"href":"https:\/\/foxsom.com.br\/novo\/wp-json\/wp\/v2\/product_brand?post=1575"},{"taxonomy":"product_cat","embeddable":true,"href":"https:\/\/foxsom.com.br\/novo\/wp-json\/wp\/v2\/product_cat?post=1575"},{"taxonomy":"product_tag","embeddable":true,"href":"https:\/\/foxsom.com.br\/novo\/wp-json\/wp\/v2\/product_tag?post=1575"}],"curies":[{"name":"wp","href":"https:\/\/api.w.org\/{rel}","templated":true}]}}