{"id":1581,"date":"2025-05-22T12:30:00","date_gmt":"2025-05-22T15:30:00","guid":{"rendered":"https:\/\/foxsom.com.br\/novo\/?post_type=product&#038;p=1581"},"modified":"2025-05-30T15:24:25","modified_gmt":"2025-05-30T18:24:25","slug":"corda-013-medium-bronze-80-20-para-violao-nanoweb-elixir","status":"publish","type":"product","link":"https:\/\/foxsom.com.br\/novo\/produto\/corda-013-medium-bronze-80-20-para-violao-nanoweb-elixir\/","title":{"rendered":"Corda .013 Medium Bronze 80\/20 para Viol\u00e3o Nanoweb Elixir"},"content":{"rendered":"<p>Os encordoamentos Elixir\u00ae Strings 80\/20 Bronze para Viol\u00e3o A\u00e7o com Revestimento NANOWEB\u00ae possuem o timbre vivo e cristalino das cordas 80\/20 Bronze tradicionais, mas com a vida \u00fatil do timbre estendida. Al\u00e9m disso, proporcionam desempenho consistente, toque mais natural e menos ru\u00eddos indesej\u00e1veis.<\/p>\n<h3>Especifica\u00e7\u00f5es<\/h3>\n<ul>\n<li><strong>Medidas:<\/strong> 013 &#8211; 017 &#8211; 026 &#8211; 035 &#8211; 045 &#8211; 056<\/li>\n<li><strong>Tens\u00e3o:<\/strong> M\u00e9dia<\/li>\n<li><strong>Quantidade de cordas:<\/strong> 6<\/li>\n<li><strong>Material:<\/strong> Bronze 80\/20<\/li>\n<li><strong>Tipo:<\/strong> Viol\u00e3o A\u00e7o<\/li>\n<li><strong>Calibre:<\/strong> .013<\/li>\n<li><strong>Revestimento:<\/strong> Nanoweb<\/li>\n<li><strong>C\u00f3digo:<\/strong> 11102<\/li>\n<\/ul>\n","protected":false},"excerpt":{"rendered":"<p>As cordas Elixir\u00ae Strings 80\/20 Bronze para Viol\u00e3o A\u00e7o contam com revestimento NANOWEB\u00ae, proporcionando:<\/p>\n<ul>\n<li>Timbre vivo e cristalino<\/li>\n<li>Maior durabilidade do som<\/li>\n<li>Desempenho consistente<\/li>\n<li>Toque natural com menos ru\u00eddos indesej\u00e1veis<\/li>\n<\/ul>\n<p><strong>Especifica\u00e7\u00f5es:<\/strong><\/p>\n<ul>\n<li>Calibre: .013<\/li>\n<li>Tens\u00e3o: M\u00e9dia<\/li>\n<li>Material: Bronze 80\/20<\/li>\n<\/ul>\n","protected":false},"featured_media":1582,"comment_status":"open","ping_status":"closed","template":"","meta":{"_joinchat":[]},"product_brand":[],"product_cat":[21],"product_tag":[],"class_list":{"0":"post-1581","1":"product","2":"type-product","3":"status-publish","4":"has-post-thumbnail","6":"product_cat-cordas","8":"first","9":"instock","10":"featured","11":"shipping-taxable","12":"purchasable","13":"product-type-simple"},"_links":{"self":[{"href":"https:\/\/foxsom.com.br\/novo\/wp-json\/wp\/v2\/product\/1581","targetHints":{"allow":["GET"]}}],"collection":[{"href":"https:\/\/foxsom.com.br\/novo\/wp-json\/wp\/v2\/product"}],"about":[{"href":"https:\/\/foxsom.com.br\/novo\/wp-json\/wp\/v2\/types\/product"}],"replies":[{"embeddable":true,"href":"https:\/\/foxsom.com.br\/novo\/wp-json\/wp\/v2\/comments?post=1581"}],"version-history":[{"count":2,"href":"https:\/\/foxsom.com.br\/novo\/wp-json\/wp\/v2\/product\/1581\/revisions"}],"predecessor-version":[{"id":1765,"href":"https:\/\/foxsom.com.br\/novo\/wp-json\/wp\/v2\/product\/1581\/revisions\/1765"}],"wp:featuredmedia":[{"embeddable":true,"href":"https:\/\/foxsom.com.br\/novo\/wp-json\/wp\/v2\/media\/1582"}],"wp:attachment":[{"href":"https:\/\/foxsom.com.br\/novo\/wp-json\/wp\/v2\/media?parent=1581"}],"wp:term":[{"taxonomy":"product_brand","embeddable":true,"href":"https:\/\/foxsom.com.br\/novo\/wp-json\/wp\/v2\/product_brand?post=1581"},{"taxonomy":"product_cat","embeddable":true,"href":"https:\/\/foxsom.com.br\/novo\/wp-json\/wp\/v2\/product_cat?post=1581"},{"taxonomy":"product_tag","embeddable":true,"href":"https:\/\/foxsom.com.br\/novo\/wp-json\/wp\/v2\/product_tag?post=1581"}],"curies":[{"name":"wp","href":"https:\/\/api.w.org\/{rel}","templated":true}]}}