{"id":1589,"date":"2025-05-22T18:42:24","date_gmt":"2025-05-22T21:42:24","guid":{"rendered":"https:\/\/foxsom.com.br\/novo\/?post_type=product&#038;p=1589"},"modified":"2025-05-30T15:31:37","modified_gmt":"2025-05-30T18:31:37","slug":"encordoamento-genwpm-violao-nylon-giannini-classico-palhet","status":"publish","type":"product","link":"https:\/\/foxsom.com.br\/novo\/produto\/encordoamento-genwpm-violao-nylon-giannini-classico-palhet\/","title":{"rendered":"Encordoamento Genwpm Viol\u00e3o Nylon Giannini Cl\u00e1ssico + Palhet"},"content":{"rendered":"<h2>Encordoamento Giannini Viol\u00e3o Cl\u00e1ssico Tens\u00e3o M\u00e9dia GENWPM<\/h2>\n<p>A s\u00e9rie Cl\u00e1ssico da Giannini oferece uma linha completa de cordas de nylon para a prefer\u00eancia do violonista. S\u00e3o 5 tens\u00f5es de cordas: Leves, M\u00e9dias, Pesadas, Extra Pesadas e Super Extra Pesadas. \u00c9 fabricada tamb\u00e9m a s\u00e9tima corda avulsa (nas tens\u00f5es pesada e extra-pesada).<\/p>\n<p>As cordas s\u00e3o caracterizadas pelo timbre macio e brilhante e toque sens\u00edvel.<\/p>\n<h3>Especifica\u00e7\u00f5es:<\/h3>\n<ul>\n<li>Cordas primas em n\u00e1ilon cristalino<\/li>\n<li>Bord\u00f5es com revestimento em bronze 65\/35<\/li>\n<li>Calibres: .028 .032 .040 .028 .033 .041<\/li>\n<li>Produto fabricado no Brasil<\/li>\n<\/ul>\n","protected":false},"excerpt":{"rendered":"<p>Encordoamento Giannini para Viol\u00e3o Cl\u00e1ssico (Modelo GENWPM) com tens\u00e3o m\u00e9dia e qualidade superior. Ideal para violonistas que buscam um timbre macio e brilhante.<\/p>\n<h3>Caracter\u00edsticas:<\/h3>\n<ul>\n<li>Cordas primas em n\u00e1ilon cristalino<\/li>\n<li>Bord\u00f5es com revestimento em bronze 65\/35<\/li>\n<li>Calibres: .028 .032 .040 .028 .033 .041<\/li>\n<li>Produto fabricado no Brasil<\/li>\n<\/ul>\n","protected":false},"featured_media":1590,"comment_status":"open","ping_status":"closed","template":"","meta":{"_joinchat":[]},"product_brand":[],"product_cat":[21],"product_tag":[],"class_list":{"0":"post-1589","1":"product","2":"type-product","3":"status-publish","4":"has-post-thumbnail","6":"product_cat-cordas","8":"first","9":"instock","10":"featured","11":"shipping-taxable","12":"purchasable","13":"product-type-simple"},"_links":{"self":[{"href":"https:\/\/foxsom.com.br\/novo\/wp-json\/wp\/v2\/product\/1589","targetHints":{"allow":["GET"]}}],"collection":[{"href":"https:\/\/foxsom.com.br\/novo\/wp-json\/wp\/v2\/product"}],"about":[{"href":"https:\/\/foxsom.com.br\/novo\/wp-json\/wp\/v2\/types\/product"}],"replies":[{"embeddable":true,"href":"https:\/\/foxsom.com.br\/novo\/wp-json\/wp\/v2\/comments?post=1589"}],"version-history":[{"count":2,"href":"https:\/\/foxsom.com.br\/novo\/wp-json\/wp\/v2\/product\/1589\/revisions"}],"predecessor-version":[{"id":1775,"href":"https:\/\/foxsom.com.br\/novo\/wp-json\/wp\/v2\/product\/1589\/revisions\/1775"}],"wp:featuredmedia":[{"embeddable":true,"href":"https:\/\/foxsom.com.br\/novo\/wp-json\/wp\/v2\/media\/1590"}],"wp:attachment":[{"href":"https:\/\/foxsom.com.br\/novo\/wp-json\/wp\/v2\/media?parent=1589"}],"wp:term":[{"taxonomy":"product_brand","embeddable":true,"href":"https:\/\/foxsom.com.br\/novo\/wp-json\/wp\/v2\/product_brand?post=1589"},{"taxonomy":"product_cat","embeddable":true,"href":"https:\/\/foxsom.com.br\/novo\/wp-json\/wp\/v2\/product_cat?post=1589"},{"taxonomy":"product_tag","embeddable":true,"href":"https:\/\/foxsom.com.br\/novo\/wp-json\/wp\/v2\/product_tag?post=1589"}],"curies":[{"name":"wp","href":"https:\/\/api.w.org\/{rel}","templated":true}]}}