{"id":1605,"date":"2025-05-22T18:51:44","date_gmt":"2025-05-22T21:51:44","guid":{"rendered":"https:\/\/foxsom.com.br\/novo\/?post_type=product&#038;p=1605"},"modified":"2025-05-30T15:50:24","modified_gmt":"2025-05-30T18:50:24","slug":"cordas-nig-viola-fosforo-bronze-cebolao-em-mi-tensao-leve","status":"publish","type":"product","link":"https:\/\/foxsom.com.br\/novo\/produto\/cordas-nig-viola-fosforo-bronze-cebolao-em-mi-tensao-leve\/","title":{"rendered":"Cordas Nig Viola F\u00f3sforo Bronze Cebol\u00e3o Em Mi Tens\u00e3o Leve"},"content":{"rendered":"<p><strong>Descri\u00e7\u00e3o:<\/strong><br \/>\nEncordoamento Nig para viola F\u00f3sforo Bronze Cebol\u00e3o em Mi (acompanha palheta).<\/p>\n<p><strong>Detalhes do Produto:<\/strong><br \/>\nCebol\u00e3o em Mi com bolinha.<\/p>\n<ul>\n<li><strong>Materiais Importados:<\/strong> Cordas lisas com arame estanhado.<\/li>\n<li><strong>Bord\u00f5es:<\/strong> Almas hexagonais.<\/li>\n<li><strong>Coberturas:<\/strong> F\u00f3sforo Bronze.<\/li>\n<li><strong>Caracter\u00edsticas:<\/strong>\n<ul>\n<li>Bord\u00f5es com alma em a\u00e7o hexagonal (sextavado), estanhado, polido e encapado com f\u00f3sforo bronze.<\/li>\n<li>Primas (lisos) em a\u00e7o carbono estanhado e polido.<\/li>\n<\/ul>\n<\/li>\n<\/ul>\n","protected":false},"excerpt":{"rendered":"<p><strong>Encordoamento Nig para Viola<\/strong><\/p>\n<ul>\n<li><strong>Modelo:<\/strong> F\u00f3sforo Bronze Cebol\u00e3o em Mi<\/li>\n<li><strong>Caracter\u00edsticas:<\/strong>\n<ul>\n<li>Bord\u00f5es com alma em a\u00e7o hexagonal, estanhado e polido.<\/li>\n<li>Primas em a\u00e7o carbono estanhado e polido.<\/li>\n<li>Cont\u00e9m palheta.<\/li>\n<\/ul>\n<\/li>\n<\/ul>\n","protected":false},"featured_media":1606,"comment_status":"open","ping_status":"closed","template":"","meta":{"_joinchat":[]},"product_brand":[],"product_cat":[21],"product_tag":[],"class_list":{"0":"post-1605","1":"product","2":"type-product","3":"status-publish","4":"has-post-thumbnail","6":"product_cat-cordas","8":"first","9":"instock","10":"featured","11":"shipping-taxable","12":"purchasable","13":"product-type-simple"},"_links":{"self":[{"href":"https:\/\/foxsom.com.br\/novo\/wp-json\/wp\/v2\/product\/1605","targetHints":{"allow":["GET"]}}],"collection":[{"href":"https:\/\/foxsom.com.br\/novo\/wp-json\/wp\/v2\/product"}],"about":[{"href":"https:\/\/foxsom.com.br\/novo\/wp-json\/wp\/v2\/types\/product"}],"replies":[{"embeddable":true,"href":"https:\/\/foxsom.com.br\/novo\/wp-json\/wp\/v2\/comments?post=1605"}],"version-history":[{"count":2,"href":"https:\/\/foxsom.com.br\/novo\/wp-json\/wp\/v2\/product\/1605\/revisions"}],"predecessor-version":[{"id":1794,"href":"https:\/\/foxsom.com.br\/novo\/wp-json\/wp\/v2\/product\/1605\/revisions\/1794"}],"wp:featuredmedia":[{"embeddable":true,"href":"https:\/\/foxsom.com.br\/novo\/wp-json\/wp\/v2\/media\/1606"}],"wp:attachment":[{"href":"https:\/\/foxsom.com.br\/novo\/wp-json\/wp\/v2\/media?parent=1605"}],"wp:term":[{"taxonomy":"product_brand","embeddable":true,"href":"https:\/\/foxsom.com.br\/novo\/wp-json\/wp\/v2\/product_brand?post=1605"},{"taxonomy":"product_cat","embeddable":true,"href":"https:\/\/foxsom.com.br\/novo\/wp-json\/wp\/v2\/product_cat?post=1605"},{"taxonomy":"product_tag","embeddable":true,"href":"https:\/\/foxsom.com.br\/novo\/wp-json\/wp\/v2\/product_tag?post=1605"}],"curies":[{"name":"wp","href":"https:\/\/api.w.org\/{rel}","templated":true}]}}