{"id":1615,"date":"2025-05-22T18:59:10","date_gmt":"2025-05-22T21:59:10","guid":{"rendered":"https:\/\/foxsom.com.br\/novo\/?post_type=product&#038;p=1615"},"modified":"2025-05-30T16:02:31","modified_gmt":"2025-05-30T19:02:31","slug":"corda-011-niquel-com-bolinha-para-cavaquinho-sao-goncalo","status":"publish","type":"product","link":"https:\/\/foxsom.com.br\/novo\/produto\/corda-011-niquel-com-bolinha-para-cavaquinho-sao-goncalo\/","title":{"rendered":"Corda .011 N\u00edquel com Bolinha para Cavaquinho S\u00e3o Gon\u00e7alo"},"content":{"rendered":"<p>As cordas S\u00e3o Gon\u00e7alo para cavaquinho possuem um encordoamento em a\u00e7o inoxid\u00e1vel com bolinha e s\u00e3o revestidas com n\u00edquel. Elas apresentam uma tens\u00e3o m\u00e9dia, proporcionando uma afina\u00e7\u00e3o precisa e dur\u00e1vel, o que mant\u00e9m o sustain por muito mais tempo.<\/p>\n<p>As cordas de cavaquinho S\u00e3o Gon\u00e7alo foram projetadas exclusivamente para esse instrumento e seu encordoamento \u00e9 leve, permitindo obter um timbre mais aveludado.<\/p>\n<p>A S\u00e3o Gon\u00e7alo iniciou sua hist\u00f3ria em 1918, em um modesto edif\u00edcio na Pra\u00e7a Marechal Deodoro da Fonseca em S\u00e3o Paulo, e desde ent\u00e3o tem oferecido ao mundo produtos de alta qualidade que garantem o melhor timbre para o seu cavaquinho.<\/p>\n","protected":false},"excerpt":{"rendered":"<p><strong>Caracter\u00edsticas das Cordas S\u00e3o Gon\u00e7alo para Cavaquinho:<\/strong><\/p>\n<ul>\n<li>Encordoamento em a\u00e7o inoxid\u00e1vel com bolinha<\/li>\n<li>Revestimento em n\u00edquel<\/li>\n<li>Tens\u00e3o m\u00e9dia para afina\u00e7\u00e3o precisa e dur\u00e1vel<\/li>\n<li>Timbragem aveludada ideal para cavaquinho<\/li>\n<\/ul>\n<p>Fundada em 1918, a S\u00e3o Gon\u00e7alo \u00e9 reconhecida pela alta qualidade de seus produtos, garantindo o melhor timbre para seu instrumento.<\/p>\n","protected":false},"featured_media":1805,"comment_status":"open","ping_status":"closed","template":"","meta":{"_joinchat":[]},"product_brand":[],"product_cat":[37],"product_tag":[],"class_list":{"0":"post-1615","1":"product","2":"type-product","3":"status-publish","4":"has-post-thumbnail","6":"product_cat-cavaco","8":"first","9":"instock","10":"featured","11":"shipping-taxable","12":"purchasable","13":"product-type-simple"},"_links":{"self":[{"href":"https:\/\/foxsom.com.br\/novo\/wp-json\/wp\/v2\/product\/1615","targetHints":{"allow":["GET"]}}],"collection":[{"href":"https:\/\/foxsom.com.br\/novo\/wp-json\/wp\/v2\/product"}],"about":[{"href":"https:\/\/foxsom.com.br\/novo\/wp-json\/wp\/v2\/types\/product"}],"replies":[{"embeddable":true,"href":"https:\/\/foxsom.com.br\/novo\/wp-json\/wp\/v2\/comments?post=1615"}],"version-history":[{"count":2,"href":"https:\/\/foxsom.com.br\/novo\/wp-json\/wp\/v2\/product\/1615\/revisions"}],"predecessor-version":[{"id":1806,"href":"https:\/\/foxsom.com.br\/novo\/wp-json\/wp\/v2\/product\/1615\/revisions\/1806"}],"wp:featuredmedia":[{"embeddable":true,"href":"https:\/\/foxsom.com.br\/novo\/wp-json\/wp\/v2\/media\/1805"}],"wp:attachment":[{"href":"https:\/\/foxsom.com.br\/novo\/wp-json\/wp\/v2\/media?parent=1615"}],"wp:term":[{"taxonomy":"product_brand","embeddable":true,"href":"https:\/\/foxsom.com.br\/novo\/wp-json\/wp\/v2\/product_brand?post=1615"},{"taxonomy":"product_cat","embeddable":true,"href":"https:\/\/foxsom.com.br\/novo\/wp-json\/wp\/v2\/product_cat?post=1615"},{"taxonomy":"product_tag","embeddable":true,"href":"https:\/\/foxsom.com.br\/novo\/wp-json\/wp\/v2\/product_tag?post=1615"}],"curies":[{"name":"wp","href":"https:\/\/api.w.org\/{rel}","templated":true}]}}