{"id":1625,"date":"2025-05-22T19:06:24","date_gmt":"2025-05-22T22:06:24","guid":{"rendered":"https:\/\/foxsom.com.br\/novo\/?post_type=product&#038;p=1625"},"modified":"2025-05-30T16:29:07","modified_gmt":"2025-05-30T19:29:07","slug":"encordoamento-baixo-5c-045-daddario-xl-nickel-wound-exl170-5sl","status":"publish","type":"product","link":"https:\/\/foxsom.com.br\/novo\/produto\/encordoamento-baixo-5c-045-daddario-xl-nickel-wound-exl170-5sl\/","title":{"rendered":"Encordoamento Baixo 5c .045 D&#8217;Addario XL Nickel Wound EXL170-5SL"},"content":{"rendered":"<p>As cordas de contrabaixo XL Nickel Electric Bass s\u00e3o reconhecidas mundialmente como a escolha dos grandes m\u00fasicos, de todos os estilos. Todas as cordas s\u00e3o precisamente enroladas em m\u00e1quinas exclusivas controladas por computador, assegurando a cada uma delas perfeita afina\u00e7\u00e3o, notas fundamentais limpas e consist\u00eancia inigual\u00e1vel.<\/p>\n<p>O enrolamento com fios de a\u00e7o banhados a n\u00edquel resulta em um timbre brilhante e excelente afina\u00e7\u00e3o, proporcionando um timbre adequado para todos os estilos musicais.<\/p>\n<h3>Caracter\u00edsticas do Produto:<\/h3>\n<ul>\n<li><strong>Marca:<\/strong> D&#8217;Addario<\/li>\n<li><strong>Modelo:<\/strong> EXL170-5SL<\/li>\n<li><strong>Instrumento recomendado:<\/strong> Baixo<\/li>\n<li><strong>Quantidade de cordas:<\/strong> 5<\/li>\n<li><strong>Calibres:<\/strong> 0.045, 0.065, 0.080, 0.100, 0.130<\/li>\n<li><strong>Materiais:<\/strong> Metal<\/li>\n<\/ul>\n","protected":false},"excerpt":{"rendered":"<p>As cordas D&#8217;Addario XL Nickel Electric Bass s\u00e3o a escolha ideal para m\u00fasicos de todos os estilos, oferecendo:<\/p>\n<ul>\n<li>Enrolamento preciso para perfeita afina\u00e7\u00e3o<\/li>\n<li>Timbre brilhante com fios de a\u00e7o banhados a n\u00edquel<\/li>\n<li>Consist\u00eancia e clareza nas notas!<\/li>\n<\/ul>\n<p><strong>Caracter\u00edsticas:<\/strong><\/p>\n<ul>\n<li><strong>Modelo:<\/strong> EXL170-5SL<\/li>\n<li><strong>Quantidade de cordas:<\/strong> 5<\/li>\n<li><strong>Calibres:<\/strong> 0.045 a 0.130<\/li>\n<\/ul>\n","protected":false},"featured_media":1816,"comment_status":"open","ping_status":"closed","template":"","meta":{"_joinchat":[]},"product_brand":[],"product_cat":[21],"product_tag":[],"class_list":{"0":"post-1625","1":"product","2":"type-product","3":"status-publish","4":"has-post-thumbnail","6":"product_cat-cordas","8":"first","9":"instock","10":"featured","11":"shipping-taxable","12":"purchasable","13":"product-type-simple"},"_links":{"self":[{"href":"https:\/\/foxsom.com.br\/novo\/wp-json\/wp\/v2\/product\/1625","targetHints":{"allow":["GET"]}}],"collection":[{"href":"https:\/\/foxsom.com.br\/novo\/wp-json\/wp\/v2\/product"}],"about":[{"href":"https:\/\/foxsom.com.br\/novo\/wp-json\/wp\/v2\/types\/product"}],"replies":[{"embeddable":true,"href":"https:\/\/foxsom.com.br\/novo\/wp-json\/wp\/v2\/comments?post=1625"}],"version-history":[{"count":2,"href":"https:\/\/foxsom.com.br\/novo\/wp-json\/wp\/v2\/product\/1625\/revisions"}],"predecessor-version":[{"id":1818,"href":"https:\/\/foxsom.com.br\/novo\/wp-json\/wp\/v2\/product\/1625\/revisions\/1818"}],"wp:featuredmedia":[{"embeddable":true,"href":"https:\/\/foxsom.com.br\/novo\/wp-json\/wp\/v2\/media\/1816"}],"wp:attachment":[{"href":"https:\/\/foxsom.com.br\/novo\/wp-json\/wp\/v2\/media?parent=1625"}],"wp:term":[{"taxonomy":"product_brand","embeddable":true,"href":"https:\/\/foxsom.com.br\/novo\/wp-json\/wp\/v2\/product_brand?post=1625"},{"taxonomy":"product_cat","embeddable":true,"href":"https:\/\/foxsom.com.br\/novo\/wp-json\/wp\/v2\/product_cat?post=1625"},{"taxonomy":"product_tag","embeddable":true,"href":"https:\/\/foxsom.com.br\/novo\/wp-json\/wp\/v2\/product_tag?post=1625"}],"curies":[{"name":"wp","href":"https:\/\/api.w.org\/{rel}","templated":true}]}}