{"id":1627,"date":"2025-05-22T19:07:27","date_gmt":"2025-05-22T22:07:27","guid":{"rendered":"https:\/\/foxsom.com.br\/novo\/?post_type=product&#038;p=1627"},"modified":"2025-05-30T16:30:00","modified_gmt":"2025-05-30T19:30:00","slug":"encordoamento-para-violao-daddario-aco-ez920-012","status":"publish","type":"product","link":"https:\/\/foxsom.com.br\/novo\/produto\/encordoamento-para-violao-daddario-aco-ez920-012\/","title":{"rendered":"Encordoamento Para Viol\u00e3o D&#8217;addario A\u00e7o EZ920 .012"},"content":{"rendered":"<p>As cordas 85\/15 Bronze possuem um som brilhante e muito sustain. A EZ920-B combina o brilho das 80\/20 Bronze com caracter\u00edsticas de durabilidade das Phosphor Bronze.<\/p>\n<h3>Destaques do Produto:<\/h3>\n<ul>\n<li>Linha EZ: uma das cordas de viol\u00e3o de a\u00e7o mais utilizadas no mundo!<\/li>\n<li>Modelo: EZ920 \u2013 Timbre Brilhante e vintage<\/li>\n<li>Tens\u00e3o M\u00e9dia Leve (Medium Light Gauge): calibre inicia em 012&#8243; e vai at\u00e9 054&#8243;<\/li>\n<li>Materiais de alta qualidade: composi\u00e7\u00e3o em A\u00e7o e Bronze 85\/15<\/li>\n<li>Corda Extra: 1 E (Mi aguda)<\/li>\n<\/ul>\n<h3>Timbre e Performance<\/h3>\n<p>Apresentando uma combina\u00e7\u00e3o de f\u00f3sforo bronze niquelado, enrolado em um n\u00facleo de a\u00e7o, estas cordas real\u00e7am as caracter\u00edsticas sonoras de qualquer viol\u00e3o, revelando o som \u00fanico de cada instrumento. As cordas oferecem proje\u00e7\u00e3o, articula\u00e7\u00e3o e resson\u00e2ncia aprimoradas, al\u00e9m de uma incr\u00edvel estabilidade de afina\u00e7\u00e3o e resist\u00eancia \u00e0 ruptura.<\/p>\n<h3>N\u00facleo Hexagonal de A\u00e7o<\/h3>\n<p>O n\u00facleo hexagonal com composi\u00e7\u00e3o de alto carbono \u00e9 envolto em bronze para uma corda de longa dura\u00e7\u00e3o, de sonoridade vers\u00e1til, que se encaixa a qualquer estilo musical. As cordas da linha EZ Bronze 85\/15 proporcionam afina\u00e7\u00e3o est\u00e1vel e precisa.<\/p>\n<h3>Especifica\u00e7\u00f5es T\u00e9cnicas:<\/h3>\n<ul>\n<li>Marca: D&#8217;addario<\/li>\n<li>Modelo: EZ920<\/li>\n<li>Quantidade por embalagem: 01<\/li>\n<li>N\u00famero de cordas por embalagem: 07<\/li>\n<li>Material do n\u00facleo: A\u00e7o<\/li>\n<li>Material de enrolamento: Bronze 85\/15<\/li>\n<li>Corda 1 E (Mi aguda): 012<\/li>\n<li>Corda 2 B (Si): 016<\/li>\n<li>Corda 3 G (Sol): 025<\/li>\n<li>Corda 4 D (R\u00e9): 034<\/li>\n<li>Corda 5 A (L\u00e1): 044<\/li>\n<li>Corda 6 E (Mi Grave): 054<\/li>\n<\/ul>\n","protected":false},"excerpt":{"rendered":"<p>O Encordoamento D&#8217;addario EZ920 .012 para viol\u00e3o \u00e9 ideal para m\u00fasicos que buscam um som brilhante e durabilidade. Com cordas 85\/15 Bronze, oferece caracter\u00edsticas excepcionais de tonifica\u00e7\u00e3o e resson\u00e2ncia.<\/p>\n<h3>Destaques:<\/h3>\n<ul>\n<li>Tens\u00e3o M\u00e9dia Leve (Medium Light Gauge)<\/li>\n<li>Composi\u00e7\u00e3o em A\u00e7o e Bronze 85\/15 para maior resist\u00eancia<\/li>\n<li>Corda Extra: 1 E (Mi aguda)<\/li>\n<\/ul>\n<h3>Especifica\u00e7\u00f5es:<\/h3>\n<ul>\n<li>Marca: D&#8217;addario<\/li>\n<li>Modelo: EZ920<\/li>\n<li>Quantidade por embalagem: 01<\/li>\n<li>Calibres: 012 a 054<\/li>\n<\/ul>\n","protected":false},"featured_media":1628,"comment_status":"open","ping_status":"closed","template":"","meta":{"_joinchat":[]},"product_brand":[],"product_cat":[21],"product_tag":[],"class_list":{"0":"post-1627","1":"product","2":"type-product","3":"status-publish","4":"has-post-thumbnail","6":"product_cat-cordas","8":"first","9":"instock","10":"featured","11":"shipping-taxable","12":"purchasable","13":"product-type-simple"},"_links":{"self":[{"href":"https:\/\/foxsom.com.br\/novo\/wp-json\/wp\/v2\/product\/1627","targetHints":{"allow":["GET"]}}],"collection":[{"href":"https:\/\/foxsom.com.br\/novo\/wp-json\/wp\/v2\/product"}],"about":[{"href":"https:\/\/foxsom.com.br\/novo\/wp-json\/wp\/v2\/types\/product"}],"replies":[{"embeddable":true,"href":"https:\/\/foxsom.com.br\/novo\/wp-json\/wp\/v2\/comments?post=1627"}],"version-history":[{"count":2,"href":"https:\/\/foxsom.com.br\/novo\/wp-json\/wp\/v2\/product\/1627\/revisions"}],"predecessor-version":[{"id":1820,"href":"https:\/\/foxsom.com.br\/novo\/wp-json\/wp\/v2\/product\/1627\/revisions\/1820"}],"wp:featuredmedia":[{"embeddable":true,"href":"https:\/\/foxsom.com.br\/novo\/wp-json\/wp\/v2\/media\/1628"}],"wp:attachment":[{"href":"https:\/\/foxsom.com.br\/novo\/wp-json\/wp\/v2\/media?parent=1627"}],"wp:term":[{"taxonomy":"product_brand","embeddable":true,"href":"https:\/\/foxsom.com.br\/novo\/wp-json\/wp\/v2\/product_brand?post=1627"},{"taxonomy":"product_cat","embeddable":true,"href":"https:\/\/foxsom.com.br\/novo\/wp-json\/wp\/v2\/product_cat?post=1627"},{"taxonomy":"product_tag","embeddable":true,"href":"https:\/\/foxsom.com.br\/novo\/wp-json\/wp\/v2\/product_tag?post=1627"}],"curies":[{"name":"wp","href":"https:\/\/api.w.org\/{rel}","templated":true}]}}