{"id":1635,"date":"2025-05-22T19:12:00","date_gmt":"2025-05-22T22:12:00","guid":{"rendered":"https:\/\/foxsom.com.br\/novo\/?post_type=product&#038;p=1635"},"modified":"2025-05-30T16:44:22","modified_gmt":"2025-05-30T19:44:22","slug":"encordoamento-cordas-nylon-negro-prateado-alta-tensao-nig","status":"publish","type":"product","link":"https:\/\/foxsom.com.br\/novo\/produto\/encordoamento-cordas-nylon-negro-prateado-alta-tensao-nig\/","title":{"rendered":"Encordoamento Cordas Nylon Negro Prateado Alta Tens\u00e3o Nig"},"content":{"rendered":"<p>Encordoamentos Viol\u00e3o Nylon Negro e Bord\u00f5es Prateados N-460.<\/p>\n<p><strong>Nova F\u00f3rmula:<\/strong> Calibres e tens\u00f5es internacionais que proporcionam mais som e mais brilho.<\/p>\n<ul>\n<li><strong>Tens\u00e3o:<\/strong> Alta<\/li>\n<li><strong>Calibres:<\/strong> .029, .030, .033, .037, .041, .044<\/li>\n<li><strong>Materiais:<\/strong> Negro \/ Nylon<\/li>\n<li><strong>Quantidade de cordas:<\/strong> 6<\/li>\n<li><strong>Notas:<\/strong> A (L\u00e1), B (Si), D (R\u00e9), E (Mi), G (Sol)<\/li>\n<li><strong>\u00c9 kit:<\/strong> Sim<\/li>\n<\/ul>\n<p><strong>Aten\u00e7\u00e3o:<\/strong> Cordas musicais devem ser manuseadas por pessoas habilitadas para tal. A instala\u00e7\u00e3o e afina\u00e7\u00e3o desse tipo de produto \u00e9 um procedimento t\u00e9cnico que exige conhecimento musical.<\/p>\n","protected":false},"excerpt":{"rendered":"<p><strong>Encordoamento Viol\u00e3o Nylon N-460<\/strong><\/p>\n<ul>\n<li><strong>Tens\u00e3o:<\/strong> Alta<\/li>\n<li><strong>Calibres:<\/strong> .029, .030, .033, .037, .041, .044<\/li>\n<li><strong>Materiais:<\/strong> Nylon com bord\u00f5es prateados<\/li>\n<li><strong>Quantidade de cordas:<\/strong> 6<\/li>\n<\/ul>\n<p>A instala\u00e7\u00e3o e afina\u00e7\u00e3o devem ser realizadas por profissionais qualificados.<\/p>\n","protected":false},"featured_media":1636,"comment_status":"open","ping_status":"closed","template":"","meta":{"_joinchat":[]},"product_brand":[],"product_cat":[21],"product_tag":[],"class_list":{"0":"post-1635","1":"product","2":"type-product","3":"status-publish","4":"has-post-thumbnail","6":"product_cat-cordas","8":"first","9":"instock","10":"featured","11":"shipping-taxable","12":"purchasable","13":"product-type-simple"},"_links":{"self":[{"href":"https:\/\/foxsom.com.br\/novo\/wp-json\/wp\/v2\/product\/1635","targetHints":{"allow":["GET"]}}],"collection":[{"href":"https:\/\/foxsom.com.br\/novo\/wp-json\/wp\/v2\/product"}],"about":[{"href":"https:\/\/foxsom.com.br\/novo\/wp-json\/wp\/v2\/types\/product"}],"replies":[{"embeddable":true,"href":"https:\/\/foxsom.com.br\/novo\/wp-json\/wp\/v2\/comments?post=1635"}],"version-history":[{"count":2,"href":"https:\/\/foxsom.com.br\/novo\/wp-json\/wp\/v2\/product\/1635\/revisions"}],"predecessor-version":[{"id":1829,"href":"https:\/\/foxsom.com.br\/novo\/wp-json\/wp\/v2\/product\/1635\/revisions\/1829"}],"wp:featuredmedia":[{"embeddable":true,"href":"https:\/\/foxsom.com.br\/novo\/wp-json\/wp\/v2\/media\/1636"}],"wp:attachment":[{"href":"https:\/\/foxsom.com.br\/novo\/wp-json\/wp\/v2\/media?parent=1635"}],"wp:term":[{"taxonomy":"product_brand","embeddable":true,"href":"https:\/\/foxsom.com.br\/novo\/wp-json\/wp\/v2\/product_brand?post=1635"},{"taxonomy":"product_cat","embeddable":true,"href":"https:\/\/foxsom.com.br\/novo\/wp-json\/wp\/v2\/product_cat?post=1635"},{"taxonomy":"product_tag","embeddable":true,"href":"https:\/\/foxsom.com.br\/novo\/wp-json\/wp\/v2\/product_tag?post=1635"}],"curies":[{"name":"wp","href":"https:\/\/api.w.org\/{rel}","templated":true}]}}