{"id":1644,"date":"2025-05-29T11:29:02","date_gmt":"2025-05-29T14:29:02","guid":{"rendered":"https:\/\/foxsom.com.br\/novo\/?post_type=product&#038;p=1644"},"modified":"2025-05-30T17:04:51","modified_gmt":"2025-05-30T20:04:51","slug":"encordoamento-contra-baixo-n740-4-cordas-escala-longa-nig","status":"publish","type":"product","link":"https:\/\/foxsom.com.br\/novo\/produto\/encordoamento-contra-baixo-n740-4-cordas-escala-longa-nig\/","title":{"rendered":"Encordoamento Contra Baixo N740 &#8211; 4 Cordas Escala Longa Nig"},"content":{"rendered":"<p><strong>Descri\u00e7\u00e3o do Produto:<\/strong><\/p>\n<p>Encordoamento NIG para contrabaixo com calibres .045\/.100, ideal para aqueles que buscam qualidade e performance em suas apresenta\u00e7\u00f5es. Este encordoamento \u00e9 recomendado para instrumentos de escala longa de 34&#8243; (864 mm) e \u00e9 fabricado em bronze niquelado, proporcionando um som brilhante e duradouro.<\/p>\n<p><strong>Especifica\u00e7\u00f5es:<\/strong><\/p>\n<ul>\n<li><strong>Marca:<\/strong> Nig<\/li>\n<li><strong>Modelo:<\/strong> N740<\/li>\n<li><strong>S\u00e9rie:<\/strong> N740<\/li>\n<li><strong>Calibre da Corda:<\/strong> .045<\/li>\n<li><strong>Unidades por Pacote:<\/strong> 4 cordas<\/li>\n<li><strong>Tipo de Corda:<\/strong> Niquelada<\/li>\n<li><strong>Material:<\/strong> A\u00e7o Niquelado<\/li>\n<li><strong>Escala da Corda:<\/strong> Longa<\/li>\n<li><strong>Origem:<\/strong> Brasil<\/li>\n<li><strong>SKU:<\/strong> 5177<\/li>\n<\/ul>\n","protected":false},"excerpt":{"rendered":"<p><strong>Encordoamento NIG para Contrabaixo &#8211; N740<\/strong><\/p>\n<p>Ideal para instrumentos de escala longa de 34&#8243; (864 mm). Calibres .045\/.100, fabricado em bronze niquelado.<\/p>\n<p><strong>Especifica\u00e7\u00f5es:<\/strong><\/p>\n<ul>\n<li><strong>Marca:<\/strong> Nig<\/li>\n<li><strong>Modelo:<\/strong> N740<\/li>\n<li><strong>Unidades por Pacote:<\/strong> 4 cordas<\/li>\n<li><strong>Material:<\/strong> A\u00e7o Niquelado<\/li>\n<\/ul>\n","protected":false},"featured_media":1645,"comment_status":"open","ping_status":"closed","template":"","meta":{"_joinchat":[]},"product_brand":[],"product_cat":[34],"product_tag":[],"class_list":{"0":"post-1644","1":"product","2":"type-product","3":"status-publish","4":"has-post-thumbnail","6":"product_cat-contrabaixo","8":"first","9":"instock","10":"featured","11":"shipping-taxable","12":"purchasable","13":"product-type-simple"},"_links":{"self":[{"href":"https:\/\/foxsom.com.br\/novo\/wp-json\/wp\/v2\/product\/1644","targetHints":{"allow":["GET"]}}],"collection":[{"href":"https:\/\/foxsom.com.br\/novo\/wp-json\/wp\/v2\/product"}],"about":[{"href":"https:\/\/foxsom.com.br\/novo\/wp-json\/wp\/v2\/types\/product"}],"replies":[{"embeddable":true,"href":"https:\/\/foxsom.com.br\/novo\/wp-json\/wp\/v2\/comments?post=1644"}],"version-history":[{"count":2,"href":"https:\/\/foxsom.com.br\/novo\/wp-json\/wp\/v2\/product\/1644\/revisions"}],"predecessor-version":[{"id":1841,"href":"https:\/\/foxsom.com.br\/novo\/wp-json\/wp\/v2\/product\/1644\/revisions\/1841"}],"wp:featuredmedia":[{"embeddable":true,"href":"https:\/\/foxsom.com.br\/novo\/wp-json\/wp\/v2\/media\/1645"}],"wp:attachment":[{"href":"https:\/\/foxsom.com.br\/novo\/wp-json\/wp\/v2\/media?parent=1644"}],"wp:term":[{"taxonomy":"product_brand","embeddable":true,"href":"https:\/\/foxsom.com.br\/novo\/wp-json\/wp\/v2\/product_brand?post=1644"},{"taxonomy":"product_cat","embeddable":true,"href":"https:\/\/foxsom.com.br\/novo\/wp-json\/wp\/v2\/product_cat?post=1644"},{"taxonomy":"product_tag","embeddable":true,"href":"https:\/\/foxsom.com.br\/novo\/wp-json\/wp\/v2\/product_tag?post=1644"}],"curies":[{"name":"wp","href":"https:\/\/api.w.org\/{rel}","templated":true}]}}