{"id":1650,"date":"2025-05-29T11:31:39","date_gmt":"2025-05-29T14:31:39","guid":{"rendered":"https:\/\/foxsom.com.br\/novo\/?post_type=product&#038;p=1650"},"modified":"2025-05-30T17:33:14","modified_gmt":"2025-05-30T20:33:14","slug":"encordoamento-para-violao-aco-010-fosforo-bronze-nig-npb-560","status":"publish","type":"product","link":"https:\/\/foxsom.com.br\/novo\/produto\/encordoamento-para-violao-aco-010-fosforo-bronze-nig-npb-560\/","title":{"rendered":"Encordoamento para Viol\u00e3o A\u00e7o 010 F\u00f3sforo Bronze Nig NPB-560"},"content":{"rendered":"<p><strong>Descri\u00e7\u00e3o do Produto:<\/strong><\/p>\n<p>O Encordoamento para Viol\u00e3o A\u00e7o 010 F\u00f3sforo Bronze Nig NPB-560 \u00e9 ideal para m\u00fasicos que buscam timbres de alta qualidade e durabilidade. Com uma constru\u00e7\u00e3o robusta e materiais de primeira linha, este encordoamento proporciona uma experi\u00eancia sonora superior.<\/p>\n<p><strong>Especifica\u00e7\u00f5es:<\/strong><\/p>\n<ul>\n<li><strong>Medidas:<\/strong> .010&#8243;\/.047&#8243;<\/li>\n<li><strong>Material:<\/strong> F\u00f3sforo Bronze<\/li>\n<li><strong>Alma:<\/strong> Hexagonal<\/li>\n<li><strong>Cont\u00e9m:<\/strong> 06 cordas<\/li>\n<\/ul>\n<p><strong>Diferenciais:<\/strong><\/p>\n<ul>\n<li>Timbre de bronze extra-aveludado;<\/li>\n<li>Bronze importado para m\u00e1xima durabilidade;<\/li>\n<li>Cordas lisas de material nobre importado;<\/li>\n<li>Almas hexagonais importadas.<\/li>\n<\/ul>\n<p><strong>Uma Tabela com as Medidas das Cordas:<\/strong><\/p>\n<ul>\n<li>Mi (E): .010&#8243; (0,25mm)<\/li>\n<li>Si (B): .014&#8243; (0,36mm)<\/li>\n<li>Sol (G): .023&#8243; (0,58mm)<\/li>\n<li>R\u00e9 (D): .030&#8243; (0,76mm)<\/li>\n<li>La (A): .039&#8243; (0,99mm)<\/li>\n<li>Mi (E): .047&#8243; (1,19mm)<\/li>\n<\/ul>\n","protected":false},"excerpt":{"rendered":"<p><strong>Encordoamento para Viol\u00e3o A\u00e7o 010 F\u00f3sforo Bronze Nig NPB-560<\/strong><\/p>\n<p>Ideal para m\u00fasicos que buscam timbres de alta qualidade e durabilidade. Este encordoamento possui:<\/p>\n<ul>\n<li>Medidas: .010&#8243;\/.047&#8243;<\/li>\n<li>Material: F\u00f3sforo Bronze<\/li>\n<li>Alma: Hexagonal<\/li>\n<li>Cont\u00e9m 06 cordas<\/li>\n<\/ul>\n<p><strong>Diferenciais:<\/strong><\/p>\n<ul>\n<li>Timbre de bronze extra-aveludado;<\/li>\n<li>M\u00e1xima durabilidade com bronze importado;<\/li>\n<li>Cordas lisas de material nobre.<\/li>\n<\/ul>\n","protected":false},"featured_media":1651,"comment_status":"open","ping_status":"closed","template":"","meta":{"_joinchat":[]},"product_brand":[],"product_cat":[21],"product_tag":[],"class_list":{"0":"post-1650","1":"product","2":"type-product","3":"status-publish","4":"has-post-thumbnail","6":"product_cat-cordas","8":"first","9":"instock","10":"featured","11":"shipping-taxable","12":"purchasable","13":"product-type-simple"},"_links":{"self":[{"href":"https:\/\/foxsom.com.br\/novo\/wp-json\/wp\/v2\/product\/1650","targetHints":{"allow":["GET"]}}],"collection":[{"href":"https:\/\/foxsom.com.br\/novo\/wp-json\/wp\/v2\/product"}],"about":[{"href":"https:\/\/foxsom.com.br\/novo\/wp-json\/wp\/v2\/types\/product"}],"replies":[{"embeddable":true,"href":"https:\/\/foxsom.com.br\/novo\/wp-json\/wp\/v2\/comments?post=1650"}],"version-history":[{"count":2,"href":"https:\/\/foxsom.com.br\/novo\/wp-json\/wp\/v2\/product\/1650\/revisions"}],"predecessor-version":[{"id":1848,"href":"https:\/\/foxsom.com.br\/novo\/wp-json\/wp\/v2\/product\/1650\/revisions\/1848"}],"wp:featuredmedia":[{"embeddable":true,"href":"https:\/\/foxsom.com.br\/novo\/wp-json\/wp\/v2\/media\/1651"}],"wp:attachment":[{"href":"https:\/\/foxsom.com.br\/novo\/wp-json\/wp\/v2\/media?parent=1650"}],"wp:term":[{"taxonomy":"product_brand","embeddable":true,"href":"https:\/\/foxsom.com.br\/novo\/wp-json\/wp\/v2\/product_brand?post=1650"},{"taxonomy":"product_cat","embeddable":true,"href":"https:\/\/foxsom.com.br\/novo\/wp-json\/wp\/v2\/product_cat?post=1650"},{"taxonomy":"product_tag","embeddable":true,"href":"https:\/\/foxsom.com.br\/novo\/wp-json\/wp\/v2\/product_tag?post=1650"}],"curies":[{"name":"wp","href":"https:\/\/api.w.org\/{rel}","templated":true}]}}