{"id":1654,"date":"2025-05-29T11:33:18","date_gmt":"2025-05-29T14:33:18","guid":{"rendered":"https:\/\/foxsom.com.br\/novo\/?post_type=product&#038;p=1654"},"modified":"2025-05-30T17:35:50","modified_gmt":"2025-05-30T20:35:50","slug":"encordoamento-aco-com-bolinha-para-bandolim-rouxinol-r-40be","status":"publish","type":"product","link":"https:\/\/foxsom.com.br\/novo\/produto\/encordoamento-aco-com-bolinha-para-bandolim-rouxinol-r-40be\/","title":{"rendered":"Encordoamento A\u00e7o com Bolinha para Bandolim Rouxinol R-40BE"},"content":{"rendered":"<p><strong>Descri\u00e7\u00e3o do Produto:<\/strong><\/p>\n<p>O <strong>Encordoamento de A\u00e7o com Bolinha para Bandolim Rouxinol R-40BE<\/strong> \u00e9 um kit que cont\u00e9m 3 unidades de cordas de alta qualidade, projetadas especialmente para proporcionar um som excepcional em seu bandolim.<\/p>\n<p><strong>Caracter\u00edsticas:<\/strong><\/p>\n<ul>\n<li><strong>Material:<\/strong> Cordas de a\u00e7o inoxid\u00e1vel (n\u00e3o enferrujam).<\/li>\n<li><strong>Bord\u00f5es:<\/strong> Alma de a\u00e7o hexagonal, encapada com metal prateado.<\/li>\n<li><strong>Comprimento m\u00ednimo das cordas:<\/strong> 850mm<\/li>\n<li><strong>Acompanha:<\/strong> 1 Palheta.<\/li>\n<\/ul>\n<p><strong>Medidas das Cordas:<\/strong><\/p>\n<ul>\n<li>1\u00aa MI (E): .010\u201d (0,25mm)<\/li>\n<li>2\u00aa L\u00c1 (A): .014\u201d (0,35mm)<\/li>\n<li>3\u00aa R\u00c9 (D): .024\u201d (0,60mm)<\/li>\n<li>4\u00aa SOL (G): .037\u201d (0,95mm)<\/li>\n<\/ul>\n<p><strong>Aten\u00e7\u00e3o:<\/strong> As cordas musicais devem ser manuseadas por pessoas habilitadas e qualificadas para tal. A instala\u00e7\u00e3o e afina\u00e7\u00e3o desse tipo de produto \u00e9 um procedimento t\u00e9cnico que exige conhecimento musical.<\/p>\n<p><strong>Conte\u00fado do Kit:<\/strong> 3 cordas de a\u00e7o com bolinha (ball end) para bandolim.<\/p>\n<p><strong>Nota:<\/strong> Imagens meramente ilustrativas; o produto n\u00e3o acompanha o instrumento musical.<\/p>\n","protected":false},"excerpt":{"rendered":"<p><strong>Encordoamento de A\u00e7o com Bolinha para Bandolim Rouxinol R-40BE<\/strong>. Kit com 3 unidades de cordas de alta qualidade, ideal para proporcionar um som excepcional.<\/p>\n<p><strong>Caracter\u00edsticas:<\/strong><\/p>\n<ul>\n<li><strong>Material:<\/strong> A\u00e7o inoxid\u00e1vel (n\u00e3o enferruja).<\/li>\n<li><strong>Bord\u00f5es:<\/strong> Alma de a\u00e7o hexagonal, encapada com metal prateado.<\/li>\n<li><strong>Comprimento:<\/strong> M\u00ednimo de 850mm.<\/li>\n<\/ul>\n<p><strong>Aten\u00e7\u00e3o:<\/strong> Manusear somente por pessoas habilitadas.<\/p>\n","protected":false},"featured_media":1655,"comment_status":"open","ping_status":"closed","template":"","meta":{"_joinchat":[]},"product_brand":[],"product_cat":[21],"product_tag":[],"class_list":{"0":"post-1654","1":"product","2":"type-product","3":"status-publish","4":"has-post-thumbnail","6":"product_cat-cordas","8":"first","9":"instock","10":"featured","11":"shipping-taxable","12":"purchasable","13":"product-type-simple"},"_links":{"self":[{"href":"https:\/\/foxsom.com.br\/novo\/wp-json\/wp\/v2\/product\/1654","targetHints":{"allow":["GET"]}}],"collection":[{"href":"https:\/\/foxsom.com.br\/novo\/wp-json\/wp\/v2\/product"}],"about":[{"href":"https:\/\/foxsom.com.br\/novo\/wp-json\/wp\/v2\/types\/product"}],"replies":[{"embeddable":true,"href":"https:\/\/foxsom.com.br\/novo\/wp-json\/wp\/v2\/comments?post=1654"}],"version-history":[{"count":2,"href":"https:\/\/foxsom.com.br\/novo\/wp-json\/wp\/v2\/product\/1654\/revisions"}],"predecessor-version":[{"id":1851,"href":"https:\/\/foxsom.com.br\/novo\/wp-json\/wp\/v2\/product\/1654\/revisions\/1851"}],"wp:featuredmedia":[{"embeddable":true,"href":"https:\/\/foxsom.com.br\/novo\/wp-json\/wp\/v2\/media\/1655"}],"wp:attachment":[{"href":"https:\/\/foxsom.com.br\/novo\/wp-json\/wp\/v2\/media?parent=1654"}],"wp:term":[{"taxonomy":"product_brand","embeddable":true,"href":"https:\/\/foxsom.com.br\/novo\/wp-json\/wp\/v2\/product_brand?post=1654"},{"taxonomy":"product_cat","embeddable":true,"href":"https:\/\/foxsom.com.br\/novo\/wp-json\/wp\/v2\/product_cat?post=1654"},{"taxonomy":"product_tag","embeddable":true,"href":"https:\/\/foxsom.com.br\/novo\/wp-json\/wp\/v2\/product_tag?post=1654"}],"curies":[{"name":"wp","href":"https:\/\/api.w.org\/{rel}","templated":true}]}}