{"id":1673,"date":"2025-05-30T11:09:06","date_gmt":"2025-05-30T14:09:06","guid":{"rendered":"https:\/\/foxsom.com.br\/novo\/?post_type=product&#038;p=1673"},"modified":"2025-05-30T15:40:51","modified_gmt":"2025-05-30T18:40:51","slug":"encordoamento-para-guitarra-giannini-nickel-round-wound-geegst9-009-042","status":"publish","type":"product","link":"https:\/\/foxsom.com.br\/novo\/produto\/encordoamento-para-guitarra-giannini-nickel-round-wound-geegst9-009-042\/","title":{"rendered":"Encordoamento para Guitarra Giannini Nickel Round Wound GEEGST9 (.009 \u2013 .042)"},"content":{"rendered":"<p>A s\u00e9rie Electric traz toda a sonoridade dos encordoamentos Giannini para a sua guitarra e contra-baixo. O encordoamento para guitarra Giannini GEEGST09 \u00e9 composto de um n\u00facleo de a\u00e7o revestido por N\u00edquel, produzindo um som brilhante e agressivo que atende a uma grande variedade de estilos musicais. Al\u00e9m disso, \u00e9 resistente \u00e0 oxida\u00e7\u00e3o e corros\u00e3o.<\/p>\n<p>Acompanha uma corda Mi extra gr\u00e1tis!<\/p>\n<p>Todos os encordoamentos Giannini s\u00e3o produzidos no Brasil, em nossa f\u00e1brica em Salto, interior de S\u00e3o Paulo.<\/p>\n<p><strong>SELO DE QUALIDADE ISO 9001<\/strong><br \/>\nToda a linha de encordoamentos Giannini conta com a aprova\u00e7\u00e3o do selo de qualidade ISO 9001. O selo ISO 9001 \u00e9 uma s\u00e9rie de normas que busca garantir a qualidade final do seu encordoamento. Os procedimentos englobam desde a escolha da mat\u00e9ria-prima e seus fornecedores, passando por todo o processo de produ\u00e7\u00e3o, at\u00e9 a distribui\u00e7\u00e3o, garantindo a qualidade do produto que chega ao consumidor.<\/p>\n<p>Desde 2007, a Giannini conta com o selo ISO 9001 em sua linha de encordoamentos, sendo renovado anualmente, o que comprova a qualidade de cada produto que chega \u00e0s m\u00e3os dos m\u00fasicos.<\/p>\n<p><strong>ESPECIFICA\u00c7\u00d5ES<\/strong><\/p>\n<ul>\n<li><strong>Fabrica\u00e7\u00e3o:<\/strong> Brasil<\/li>\n<li><strong>Alma:<\/strong> A\u00e7o<\/li>\n<li><strong>Revestimento:<\/strong> N\u00edquel<\/li>\n<li><strong>Acabamento:<\/strong> Bolinha<\/li>\n<li><strong>Comprimento de escala:<\/strong> 648 mm \/ 25 1\/2\u2033<\/li>\n<li><strong>C\u00f3digo de barras:<\/strong> 7898159187153<\/li>\n<li><strong>C\u00f3digo Mega:<\/strong> 5957<\/li>\n<\/ul>\n","protected":false},"excerpt":{"rendered":"<p>O encordoamento para guitarra Giannini GEEGST09, parte da s\u00e9rie Electric, possui um n\u00facleo de a\u00e7o revestido por N\u00edquel, oferecendo um som brilhante e agressivo, ideal para diversos estilos musicais. \u00c9 resistente \u00e0 oxida\u00e7\u00e3o e corros\u00e3o.<\/p>\n<p><strong>Destaques:<\/strong><\/p>\n<ul>\n<li>Acompanha uma corda Mi extra gr\u00e1tis.<\/li>\n<li>Produzido no Brasil, na f\u00e1brica Giannini em Salto.<\/li>\n<li>Selo de qualidade ISO 9001, garantindo rigorosos padr\u00f5es de qualidade.<\/li>\n<\/ul>\n<p><strong>Especifica\u00e7\u00f5es:<\/strong><\/p>\n<ul>\n<li><strong>Alma:<\/strong> A\u00e7o<\/li>\n<li><strong>Revestimento:<\/strong> N\u00edquel<\/li>\n<li><strong>Comprimento de escala:<\/strong> 648 mm \/ 25 1\/2\u2033<\/li>\n<li><strong>C\u00f3digo de barras:<\/strong> 7898159187153<\/li>\n<\/ul>\n","protected":false},"featured_media":1674,"comment_status":"open","ping_status":"closed","template":"","meta":{"_joinchat":[]},"product_brand":[],"product_cat":[21],"product_tag":[],"class_list":{"0":"post-1673","1":"product","2":"type-product","3":"status-publish","4":"has-post-thumbnail","6":"product_cat-cordas","8":"first","9":"instock","10":"featured","11":"shipping-taxable","12":"purchasable","13":"product-type-simple"},"_links":{"self":[{"href":"https:\/\/foxsom.com.br\/novo\/wp-json\/wp\/v2\/product\/1673","targetHints":{"allow":["GET"]}}],"collection":[{"href":"https:\/\/foxsom.com.br\/novo\/wp-json\/wp\/v2\/product"}],"about":[{"href":"https:\/\/foxsom.com.br\/novo\/wp-json\/wp\/v2\/types\/product"}],"replies":[{"embeddable":true,"href":"https:\/\/foxsom.com.br\/novo\/wp-json\/wp\/v2\/comments?post=1673"}],"version-history":[{"count":1,"href":"https:\/\/foxsom.com.br\/novo\/wp-json\/wp\/v2\/product\/1673\/revisions"}],"predecessor-version":[{"id":1782,"href":"https:\/\/foxsom.com.br\/novo\/wp-json\/wp\/v2\/product\/1673\/revisions\/1782"}],"wp:featuredmedia":[{"embeddable":true,"href":"https:\/\/foxsom.com.br\/novo\/wp-json\/wp\/v2\/media\/1674"}],"wp:attachment":[{"href":"https:\/\/foxsom.com.br\/novo\/wp-json\/wp\/v2\/media?parent=1673"}],"wp:term":[{"taxonomy":"product_brand","embeddable":true,"href":"https:\/\/foxsom.com.br\/novo\/wp-json\/wp\/v2\/product_brand?post=1673"},{"taxonomy":"product_cat","embeddable":true,"href":"https:\/\/foxsom.com.br\/novo\/wp-json\/wp\/v2\/product_cat?post=1673"},{"taxonomy":"product_tag","embeddable":true,"href":"https:\/\/foxsom.com.br\/novo\/wp-json\/wp\/v2\/product_tag?post=1673"}],"curies":[{"name":"wp","href":"https:\/\/api.w.org\/{rel}","templated":true}]}}