{"id":1675,"date":"2025-05-30T11:10:57","date_gmt":"2025-05-30T14:10:57","guid":{"rendered":"https:\/\/foxsom.com.br\/novo\/?post_type=product&#038;p=1675"},"modified":"2025-05-30T16:00:36","modified_gmt":"2025-05-30T19:00:36","slug":"kit-2-encordoamento-violao-aco-bronze-010-12-cordas-n510-nig","status":"publish","type":"product","link":"https:\/\/foxsom.com.br\/novo\/produto\/kit-2-encordoamento-violao-aco-bronze-010-12-cordas-n510-nig\/","title":{"rendered":"Kit 2 Encordoamento Viol\u00e3o A\u00e7o Bronze .010 12 Cordas N510 NIG"},"content":{"rendered":"<p><strong>Descri\u00e7\u00e3o do Produto:<\/strong><\/p>\n<p>O <strong>Kit 2 Encordoamento Viol\u00e3o A\u00e7o Bronze .010 12 Cordas N510 NIG<\/strong> \u00e9 ideal para m\u00fasicos que buscam qualidade e durabilidade nas cordas do seu viol\u00e3o. Este kit cont\u00e9m duas pacotes de encordoamento, proporcionando um excelente custo-benef\u00edcio.<\/p>\n<p><strong>Caracter\u00edsticas:<\/strong><\/p>\n<ul>\n<li><strong>Modelo:<\/strong> N510<\/li>\n<li><strong>N\u00famero de cordas:<\/strong> 12<\/li>\n<li><strong>Di\u00e2metro das cordas:<\/strong> .010&#8243; \/ .050&#8243;<\/li>\n<li><strong>Material:<\/strong> Bronze 85 \/ 15<\/li>\n<li><strong>Alma:<\/strong> Hexagonal<\/li>\n<li><strong>Tens\u00e3o:<\/strong> M\u00e9dia<\/li>\n<\/ul>\n<p><strong>Dimens\u00f5es \/ Di\u00e2metro das Cordas:<\/strong><\/p>\n<ul>\n<li>1\u00ba A Mi (E) Prata .010&#8243; (0,25mm)<\/li>\n<li>1\u00ba B Mi (E) Prata .010&#8243; (0,25mm)<\/li>\n<li>2\u00ba A Si (B) Roxo .014&#8243; (0,36mm)<\/li>\n<li>2\u00ba B Si (B) Roxo .014&#8243; (0,36mm)<\/li>\n<li>3\u00ba A Sol (G) Verde .008&#8243; (0,20mm)<\/li>\n<li>3\u00ba B Sol (G) Verde .022&#8243; (0,56mm)<\/li>\n<li>4\u00ba A R\u00e9 (D) Preto .012&#8243; (0,30mm)<\/li>\n<li>4\u00ba B R\u00e9 (D) Preto .030&#8243; (0,76mm)<\/li>\n<li>5\u00ba A L\u00e1 (A) Vermelho .018&#8243; (0,46mm)<\/li>\n<li>5\u00ba B L\u00e1 (A) Vermelho .040&#8243; (1,02mm)<\/li>\n<li>6\u00ba A Mi (E) Preto .026&#8243; (0,66mm)<\/li>\n<li>6\u00ba B Mi (E) Preto .050&#8243; (1,27mm)<\/li>\n<\/ul>\n","protected":false},"excerpt":{"rendered":"<p><strong>Kit 2 Encordoamento Viol\u00e3o A\u00e7o Bronze .010 12 Cordas N510 NIG<\/strong><\/p>\n<p>Ideal para m\u00fasicos que buscam qualidade e durabilidade, o Kit inclui:<\/p>\n<ul>\n<li>2 pacotes de encordoamento<\/li>\n<li>Di\u00e2metro das cordas: .010&#8243; \/ .050&#8243;<\/li>\n<li>Material: Bronze 85 \/ 15<\/li>\n<li>Tens\u00e3o: M\u00e9dia<\/li>\n<\/ul>\n<p><strong>Dimens\u00f5es das Cordas:<\/strong><\/p>\n<ul>\n<li>1\u00ba A Mi (E) Prata .010&#8243;<\/li>\n<li>2\u00ba A Si (B) Roxo .014&#8243;<\/li>\n<li>3\u00ba A Sol (G) Verde .008&#8243;<\/li>\n<li>4\u00ba A R\u00e9 (D) Preto .012&#8243;<\/li>\n<li>5\u00ba A L\u00e1 (A) Vermelho .018&#8243;<\/li>\n<li>6\u00ba A Mi (E) Preto .026&#8243;<\/li>\n<\/ul>\n","protected":false},"featured_media":1676,"comment_status":"open","ping_status":"closed","template":"","meta":{"_joinchat":[]},"product_brand":[],"product_cat":[21],"product_tag":[],"class_list":{"0":"post-1675","1":"product","2":"type-product","3":"status-publish","4":"has-post-thumbnail","6":"product_cat-cordas","8":"first","9":"instock","10":"featured","11":"shipping-taxable","12":"purchasable","13":"product-type-simple"},"_links":{"self":[{"href":"https:\/\/foxsom.com.br\/novo\/wp-json\/wp\/v2\/product\/1675","targetHints":{"allow":["GET"]}}],"collection":[{"href":"https:\/\/foxsom.com.br\/novo\/wp-json\/wp\/v2\/product"}],"about":[{"href":"https:\/\/foxsom.com.br\/novo\/wp-json\/wp\/v2\/types\/product"}],"replies":[{"embeddable":true,"href":"https:\/\/foxsom.com.br\/novo\/wp-json\/wp\/v2\/comments?post=1675"}],"version-history":[{"count":1,"href":"https:\/\/foxsom.com.br\/novo\/wp-json\/wp\/v2\/product\/1675\/revisions"}],"predecessor-version":[{"id":1803,"href":"https:\/\/foxsom.com.br\/novo\/wp-json\/wp\/v2\/product\/1675\/revisions\/1803"}],"wp:featuredmedia":[{"embeddable":true,"href":"https:\/\/foxsom.com.br\/novo\/wp-json\/wp\/v2\/media\/1676"}],"wp:attachment":[{"href":"https:\/\/foxsom.com.br\/novo\/wp-json\/wp\/v2\/media?parent=1675"}],"wp:term":[{"taxonomy":"product_brand","embeddable":true,"href":"https:\/\/foxsom.com.br\/novo\/wp-json\/wp\/v2\/product_brand?post=1675"},{"taxonomy":"product_cat","embeddable":true,"href":"https:\/\/foxsom.com.br\/novo\/wp-json\/wp\/v2\/product_cat?post=1675"},{"taxonomy":"product_tag","embeddable":true,"href":"https:\/\/foxsom.com.br\/novo\/wp-json\/wp\/v2\/product_tag?post=1675"}],"curies":[{"name":"wp","href":"https:\/\/api.w.org\/{rel}","templated":true}]}}