{"id":1677,"date":"2025-05-30T11:12:11","date_gmt":"2025-05-30T14:12:11","guid":{"rendered":"https:\/\/foxsom.com.br\/novo\/?post_type=product&#038;p=1677"},"modified":"2025-05-30T16:27:50","modified_gmt":"2025-05-30T19:27:50","slug":"corda-giannini-para-contrabaixo-geebrs-6-0-032-pesado","status":"publish","type":"product","link":"https:\/\/foxsom.com.br\/novo\/produto\/corda-giannini-para-contrabaixo-geebrs-6-0-032-pesado\/","title":{"rendered":"Corda Giannini para Contrabaixo GEEBRS 6 0.032 Pesado"},"content":{"rendered":"<p>A Corda Giannini para Contrabaixo GEEBRS 6 0.032 Pesado \u00e9 parte da s\u00e9rie Electric, que traz toda a sonoridade dos encordoamentos Giannini para sua guitarra e contrabaixo. Este encordoamento para baixo de 6 cordas, modelo GEEBRS6, \u00e9 composto por um n\u00facleo de a\u00e7o revestido por n\u00edquel. O n\u00edquel produz um som brilhante e agressivo, atendendo a uma grande variedade de estilos musicais, al\u00e9m de ser bem resistente \u00e0 oxida\u00e7\u00e3o e corros\u00e3o.<\/p>\n<h3>Especifica\u00e7\u00f5es t\u00e9cnicas:<\/h3>\n<ul>\n<li><strong>Fabricante:<\/strong> Brasil<\/li>\n<li><strong>Alma:<\/strong> A\u00e7o<\/li>\n<li><strong>Revestimento:<\/strong> N\u00edquel<\/li>\n<li><strong>Acabamento:<\/strong> Bolinha<\/li>\n<li><strong>Comprimento de escala:<\/strong> 864 mm \/ 34<\/li>\n<\/ul>\n<h3>Indica\u00e7\u00f5es:<\/h3>\n<p>Indicado para: Baixo<\/p>\n<p>Linha: Electric<\/p>\n<p>Modelo: GEEBRS6<\/p>\n","protected":false},"excerpt":{"rendered":"<p>A Corda Giannini para Contrabaixo GEEBRS 6 0.032 Pesado oferece sonoridade excepcional para guitarras e contrabaixos. Com n\u00facleo de a\u00e7o revestido por n\u00edquel, proporciona um som brilhante e agressivo, ideal para diversos estilos musicais.<\/p>\n<h3>Caracter\u00edsticas:<\/h3>\n<ul>\n<li><strong>Modelo:<\/strong> GEEBRS6<\/li>\n<li><strong>Material:<\/strong> A\u00e7o com revestimento em n\u00edquel<\/li>\n<li><strong>Comprimento de escala:<\/strong> 864 mm \/ 34<\/li>\n<\/ul>\n","protected":false},"featured_media":1678,"comment_status":"open","ping_status":"closed","template":"","meta":{"_joinchat":[]},"product_brand":[],"product_cat":[21],"product_tag":[],"class_list":{"0":"post-1677","1":"product","2":"type-product","3":"status-publish","4":"has-post-thumbnail","6":"product_cat-cordas","8":"first","9":"instock","10":"featured","11":"shipping-taxable","12":"purchasable","13":"product-type-simple"},"_links":{"self":[{"href":"https:\/\/foxsom.com.br\/novo\/wp-json\/wp\/v2\/product\/1677","targetHints":{"allow":["GET"]}}],"collection":[{"href":"https:\/\/foxsom.com.br\/novo\/wp-json\/wp\/v2\/product"}],"about":[{"href":"https:\/\/foxsom.com.br\/novo\/wp-json\/wp\/v2\/types\/product"}],"replies":[{"embeddable":true,"href":"https:\/\/foxsom.com.br\/novo\/wp-json\/wp\/v2\/comments?post=1677"}],"version-history":[{"count":1,"href":"https:\/\/foxsom.com.br\/novo\/wp-json\/wp\/v2\/product\/1677\/revisions"}],"predecessor-version":[{"id":1815,"href":"https:\/\/foxsom.com.br\/novo\/wp-json\/wp\/v2\/product\/1677\/revisions\/1815"}],"wp:featuredmedia":[{"embeddable":true,"href":"https:\/\/foxsom.com.br\/novo\/wp-json\/wp\/v2\/media\/1678"}],"wp:attachment":[{"href":"https:\/\/foxsom.com.br\/novo\/wp-json\/wp\/v2\/media?parent=1677"}],"wp:term":[{"taxonomy":"product_brand","embeddable":true,"href":"https:\/\/foxsom.com.br\/novo\/wp-json\/wp\/v2\/product_brand?post=1677"},{"taxonomy":"product_cat","embeddable":true,"href":"https:\/\/foxsom.com.br\/novo\/wp-json\/wp\/v2\/product_cat?post=1677"},{"taxonomy":"product_tag","embeddable":true,"href":"https:\/\/foxsom.com.br\/novo\/wp-json\/wp\/v2\/product_tag?post=1677"}],"curies":[{"name":"wp","href":"https:\/\/api.w.org\/{rel}","templated":true}]}}