{"id":1679,"date":"2025-05-30T11:23:34","date_gmt":"2025-05-30T14:23:34","guid":{"rendered":"https:\/\/foxsom.com.br\/novo\/?post_type=product&#038;p=1679"},"modified":"2025-05-30T18:04:33","modified_gmt":"2025-05-30T21:04:33","slug":"captador-de-contato-passivo-ccp25-bk-custom-sound","status":"publish","type":"product","link":"https:\/\/foxsom.com.br\/novo\/produto\/captador-de-contato-passivo-ccp25-bk-custom-sound\/","title":{"rendered":"Captador de Contato Passivo CCP25 BK Custom Sound"},"content":{"rendered":"<p>O Captador de Contato Passivo CCP25 da Custom Sound foi projetado para captar o som diretamente da fonte sonora, eliminando a interfer\u00eancia de sons externos e garantindo uma amplifica\u00e7\u00e3o clara e precisa. \u00c9 ideal para viol\u00e3o, bandolim, banjo, ukulele, violino, cavaquinho, viola e violoncelo, entre outros instrumentos de corda.<\/p>\n<p>Este captador \u00e9 de f\u00e1cil instala\u00e7\u00e3o: basta conect\u00e1-lo ao amplificador ou a outro equipamento de \u00e1udio.<\/p>\n<h3>Especifica\u00e7\u00f5es:<\/h3>\n<ul>\n<li><strong>Marca:<\/strong> Custom Sound<\/li>\n<li><strong>Modelo:<\/strong> CCP25-BK<\/li>\n<li><strong>Conex\u00e3o:<\/strong> Jack P10<\/li>\n<li><strong>Cor:<\/strong> Preto<\/li>\n<\/ul>\n","protected":false},"excerpt":{"rendered":"<p>O <strong>Captador de Contato Passivo CCP25<\/strong> da Custom Sound \u00e9 ideal para a amplifica\u00e7\u00e3o de instrumentos de corda, como viol\u00e3o, banjo e ukulele. Projetado para eliminar a interfer\u00eancia de ru\u00eddos externos, proporciona uma capta\u00e7\u00e3o clara e precisa.<\/p>\n<h3>Caracter\u00edsticas:<\/h3>\n<ul>\n<li><strong>Modelo:<\/strong> CCP25-BK<\/li>\n<li><strong>Conex\u00e3o:<\/strong> Jack P10<\/li>\n<li><strong>Cor:<\/strong> Preto<\/li>\n<\/ul>\n","protected":false},"featured_media":1680,"comment_status":"open","ping_status":"closed","template":"","meta":{"_joinchat":[]},"product_brand":[],"product_cat":[21],"product_tag":[],"class_list":{"0":"post-1679","1":"product","2":"type-product","3":"status-publish","4":"has-post-thumbnail","6":"product_cat-cordas","8":"first","9":"instock","10":"featured","11":"shipping-taxable","12":"purchasable","13":"product-type-simple"},"_links":{"self":[{"href":"https:\/\/foxsom.com.br\/novo\/wp-json\/wp\/v2\/product\/1679","targetHints":{"allow":["GET"]}}],"collection":[{"href":"https:\/\/foxsom.com.br\/novo\/wp-json\/wp\/v2\/product"}],"about":[{"href":"https:\/\/foxsom.com.br\/novo\/wp-json\/wp\/v2\/types\/product"}],"replies":[{"embeddable":true,"href":"https:\/\/foxsom.com.br\/novo\/wp-json\/wp\/v2\/comments?post=1679"}],"version-history":[{"count":2,"href":"https:\/\/foxsom.com.br\/novo\/wp-json\/wp\/v2\/product\/1679\/revisions"}],"predecessor-version":[{"id":1885,"href":"https:\/\/foxsom.com.br\/novo\/wp-json\/wp\/v2\/product\/1679\/revisions\/1885"}],"wp:featuredmedia":[{"embeddable":true,"href":"https:\/\/foxsom.com.br\/novo\/wp-json\/wp\/v2\/media\/1680"}],"wp:attachment":[{"href":"https:\/\/foxsom.com.br\/novo\/wp-json\/wp\/v2\/media?parent=1679"}],"wp:term":[{"taxonomy":"product_brand","embeddable":true,"href":"https:\/\/foxsom.com.br\/novo\/wp-json\/wp\/v2\/product_brand?post=1679"},{"taxonomy":"product_cat","embeddable":true,"href":"https:\/\/foxsom.com.br\/novo\/wp-json\/wp\/v2\/product_cat?post=1679"},{"taxonomy":"product_tag","embeddable":true,"href":"https:\/\/foxsom.com.br\/novo\/wp-json\/wp\/v2\/product_tag?post=1679"}],"curies":[{"name":"wp","href":"https:\/\/api.w.org\/{rel}","templated":true}]}}