{"id":1699,"date":"2025-05-30T11:31:43","date_gmt":"2025-05-30T14:31:43","guid":{"rendered":"https:\/\/foxsom.com.br\/novo\/?post_type=product&#038;p=1699"},"modified":"2025-05-30T17:53:50","modified_gmt":"2025-05-30T20:53:50","slug":"pino-para-violao-aco-sem-marcacao-com-6-unidades-dolphin","status":"publish","type":"product","link":"https:\/\/foxsom.com.br\/novo\/produto\/pino-para-violao-aco-sem-marcacao-com-6-unidades-dolphin\/","title":{"rendered":"Pino para Viol\u00e3o A\u00e7o sem Marca\u00e7\u00e3o com 6 Unidades &#8211; Dolphin"},"content":{"rendered":"<p>A marca Dolphin possui uma das maiores linhas de produtos de instrumentos musicais do mercado nacional. Seus produtos incluem instrumentos de sopro, cordas, percuss\u00e3o, bateria, acess\u00f3rios e muito mais.<\/p>\n<p>Tradicional e reconhecida por sua qualidade, design e \u00f3timos pre\u00e7os, a Dolphin faz parte da hist\u00f3ria da m\u00fasica no Brasil. M\u00fasicos iniciantes e profissionais j\u00e1 tiveram ou ainda ter\u00e3o um instrumento ou acess\u00f3rio Dolphin.<\/p>\n<h3>Especifica\u00e7\u00f5es do Produto<\/h3>\n<ul>\n<li><strong>Refer\u00eancia:<\/strong> 33478<\/li>\n<li><strong>Unidades:<\/strong> 6<\/li>\n<li><strong>Material:<\/strong> A\u00e7o<\/li>\n<li><strong>Tipo:<\/strong> Sem Marca\u00e7\u00e3o<\/li>\n<\/ul>\n","protected":false},"excerpt":{"rendered":"<p>O Pino para Viol\u00e3o A\u00e7o sem Marca\u00e7\u00e3o &#8211; Dolphin \u00e9 ideal para m\u00fasicos que buscam qualidade e durabilidade. Com 6 unidades inclusas, este acess\u00f3rio \u00e9 essencial para garantir o bom desempenho do seu instrumento.<\/p>\n<h3>Caracter\u00edsticas:<\/h3>\n<ul>\n<li><strong>Refer\u00eancia:<\/strong> 33478<\/li>\n<li><strong>Material:<\/strong> A\u00e7o<\/li>\n<li><strong>Tipo:<\/strong> Sem Marca\u00e7\u00e3o<\/li>\n<\/ul>\n","protected":false},"featured_media":1700,"comment_status":"open","ping_status":"closed","template":"","meta":{"_joinchat":[]},"product_brand":[],"product_cat":[21],"product_tag":[],"class_list":{"0":"post-1699","1":"product","2":"type-product","3":"status-publish","4":"has-post-thumbnail","6":"product_cat-cordas","8":"first","9":"instock","10":"featured","11":"shipping-taxable","12":"purchasable","13":"product-type-simple"},"_links":{"self":[{"href":"https:\/\/foxsom.com.br\/novo\/wp-json\/wp\/v2\/product\/1699","targetHints":{"allow":["GET"]}}],"collection":[{"href":"https:\/\/foxsom.com.br\/novo\/wp-json\/wp\/v2\/product"}],"about":[{"href":"https:\/\/foxsom.com.br\/novo\/wp-json\/wp\/v2\/types\/product"}],"replies":[{"embeddable":true,"href":"https:\/\/foxsom.com.br\/novo\/wp-json\/wp\/v2\/comments?post=1699"}],"version-history":[{"count":2,"href":"https:\/\/foxsom.com.br\/novo\/wp-json\/wp\/v2\/product\/1699\/revisions"}],"predecessor-version":[{"id":1873,"href":"https:\/\/foxsom.com.br\/novo\/wp-json\/wp\/v2\/product\/1699\/revisions\/1873"}],"wp:featuredmedia":[{"embeddable":true,"href":"https:\/\/foxsom.com.br\/novo\/wp-json\/wp\/v2\/media\/1700"}],"wp:attachment":[{"href":"https:\/\/foxsom.com.br\/novo\/wp-json\/wp\/v2\/media?parent=1699"}],"wp:term":[{"taxonomy":"product_brand","embeddable":true,"href":"https:\/\/foxsom.com.br\/novo\/wp-json\/wp\/v2\/product_brand?post=1699"},{"taxonomy":"product_cat","embeddable":true,"href":"https:\/\/foxsom.com.br\/novo\/wp-json\/wp\/v2\/product_cat?post=1699"},{"taxonomy":"product_tag","embeddable":true,"href":"https:\/\/foxsom.com.br\/novo\/wp-json\/wp\/v2\/product_tag?post=1699"}],"curies":[{"name":"wp","href":"https:\/\/api.w.org\/{rel}","templated":true}]}}