{"id":1701,"date":"2025-05-30T11:32:38","date_gmt":"2025-05-30T14:32:38","guid":{"rendered":"https:\/\/foxsom.com.br\/novo\/?post_type=product&#038;p=1701"},"modified":"2025-05-30T17:55:51","modified_gmt":"2025-05-30T20:55:51","slug":"pestana-dolphin-para-violao-aco-12-cordas-48-mm","status":"publish","type":"product","link":"https:\/\/foxsom.com.br\/novo\/produto\/pestana-dolphin-para-violao-aco-12-cordas-48-mm\/","title":{"rendered":"Pestana Dolphin para Viol\u00e3o A\u00e7o 12 Cordas 48 mm"},"content":{"rendered":"<p>A marca Dolphin possui uma das maiores linhas de produtos de instrumentos musicais do mercado nacional, incluindo instrumentos de sopro, cordas, percuss\u00e3o, bateria, acess\u00f3rios e muito mais. \u00c9 tradicional e reconhecida por sua qualidade, design e \u00f3timos pre\u00e7os. Hoje, a Dolphin faz parte da hist\u00f3ria da m\u00fasica no Brasil, pois m\u00fasicos iniciantes e profissionais j\u00e1 tiveram ou ainda ter\u00e3o um instrumento ou acess\u00f3rio Dolphin.<\/p>\n<p><strong>Detalhes do Produto:<\/strong><\/p>\n<ul>\n<li>Tipo: Pestana para Viol\u00e3o<\/li>\n<li>Material: A\u00e7o<\/li>\n<li>Quantidade de Cordas: 12 Cordas<\/li>\n<li>Medida: 48 mm<\/li>\n<li>Pacote cont\u00e9m: 10 unidades<\/li>\n<li>Refer\u00eancia: 13555<\/li>\n<\/ul>\n","protected":false},"excerpt":{"rendered":"<p>Pestana Dolphin para Viol\u00e3o A\u00e7o, ideal para m\u00fasicos que buscam qualidade e durabilidade.<\/p>\n<p><strong>Caracter\u00edsticas:<\/strong><\/p>\n<ul>\n<li>Medida: 48 mm<\/li>\n<li>Compat\u00edvel com viol\u00f5es de 12 cordas<\/li>\n<li>Pacote com 10 unidades<\/li>\n<\/ul>\n<p>Perfeita para m\u00fasicos iniciantes e profissionais.<\/p>\n","protected":false},"featured_media":1702,"comment_status":"open","ping_status":"closed","template":"","meta":{"_joinchat":[]},"product_brand":[],"product_cat":[21],"product_tag":[],"class_list":{"0":"post-1701","1":"product","2":"type-product","3":"status-publish","4":"has-post-thumbnail","6":"product_cat-cordas","8":"first","9":"instock","10":"featured","11":"shipping-taxable","12":"purchasable","13":"product-type-simple"},"_links":{"self":[{"href":"https:\/\/foxsom.com.br\/novo\/wp-json\/wp\/v2\/product\/1701","targetHints":{"allow":["GET"]}}],"collection":[{"href":"https:\/\/foxsom.com.br\/novo\/wp-json\/wp\/v2\/product"}],"about":[{"href":"https:\/\/foxsom.com.br\/novo\/wp-json\/wp\/v2\/types\/product"}],"replies":[{"embeddable":true,"href":"https:\/\/foxsom.com.br\/novo\/wp-json\/wp\/v2\/comments?post=1701"}],"version-history":[{"count":2,"href":"https:\/\/foxsom.com.br\/novo\/wp-json\/wp\/v2\/product\/1701\/revisions"}],"predecessor-version":[{"id":1875,"href":"https:\/\/foxsom.com.br\/novo\/wp-json\/wp\/v2\/product\/1701\/revisions\/1875"}],"wp:featuredmedia":[{"embeddable":true,"href":"https:\/\/foxsom.com.br\/novo\/wp-json\/wp\/v2\/media\/1702"}],"wp:attachment":[{"href":"https:\/\/foxsom.com.br\/novo\/wp-json\/wp\/v2\/media?parent=1701"}],"wp:term":[{"taxonomy":"product_brand","embeddable":true,"href":"https:\/\/foxsom.com.br\/novo\/wp-json\/wp\/v2\/product_brand?post=1701"},{"taxonomy":"product_cat","embeddable":true,"href":"https:\/\/foxsom.com.br\/novo\/wp-json\/wp\/v2\/product_cat?post=1701"},{"taxonomy":"product_tag","embeddable":true,"href":"https:\/\/foxsom.com.br\/novo\/wp-json\/wp\/v2\/product_tag?post=1701"}],"curies":[{"name":"wp","href":"https:\/\/api.w.org\/{rel}","templated":true}]}}