{"id":1709,"date":"2025-05-30T11:54:52","date_gmt":"2025-05-30T14:54:52","guid":{"rendered":"https:\/\/foxsom.com.br\/novo\/?post_type=product&#038;p=1709"},"modified":"2025-10-17T17:42:09","modified_gmt":"2025-10-17T20:42:09","slug":"cartao-de-memoria-hmaston-para-smartphone-e-tablets-8gb","status":"publish","type":"product","link":"https:\/\/foxsom.com.br\/novo\/produto\/cartao-de-memoria-hmaston-para-smartphone-e-tablets-8gb\/","title":{"rendered":"Cart\u00e3o de Mem\u00f3ria HMaston para Smartphone e Tablets &#8211; 8GB"},"content":{"rendered":"<p>Cart\u00e3o de Mem\u00f3ria HMaston para Smartphone e Tablets &#8211; 8GB<\/p>\n","protected":false},"excerpt":{"rendered":"<p>Cart\u00e3o de Mem\u00f3ria HMaston para Smartphone e Tablets &#8211; 8GB<\/p>\n","protected":false},"featured_media":1710,"comment_status":"open","ping_status":"closed","template":"","meta":{"_joinchat":[]},"product_brand":[],"product_cat":[22],"product_tag":[],"class_list":{"0":"post-1709","1":"product","2":"type-product","3":"status-publish","4":"has-post-thumbnail","6":"product_cat-audio-e-tecnologia","8":"first","9":"instock","10":"featured","11":"shipping-taxable","12":"purchasable","13":"product-type-simple"},"_links":{"self":[{"href":"https:\/\/foxsom.com.br\/novo\/wp-json\/wp\/v2\/product\/1709","targetHints":{"allow":["GET"]}}],"collection":[{"href":"https:\/\/foxsom.com.br\/novo\/wp-json\/wp\/v2\/product"}],"about":[{"href":"https:\/\/foxsom.com.br\/novo\/wp-json\/wp\/v2\/types\/product"}],"replies":[{"embeddable":true,"href":"https:\/\/foxsom.com.br\/novo\/wp-json\/wp\/v2\/comments?post=1709"}],"version-history":[{"count":2,"href":"https:\/\/foxsom.com.br\/novo\/wp-json\/wp\/v2\/product\/1709\/revisions"}],"predecessor-version":[{"id":1887,"href":"https:\/\/foxsom.com.br\/novo\/wp-json\/wp\/v2\/product\/1709\/revisions\/1887"}],"wp:featuredmedia":[{"embeddable":true,"href":"https:\/\/foxsom.com.br\/novo\/wp-json\/wp\/v2\/media\/1710"}],"wp:attachment":[{"href":"https:\/\/foxsom.com.br\/novo\/wp-json\/wp\/v2\/media?parent=1709"}],"wp:term":[{"taxonomy":"product_brand","embeddable":true,"href":"https:\/\/foxsom.com.br\/novo\/wp-json\/wp\/v2\/product_brand?post=1709"},{"taxonomy":"product_cat","embeddable":true,"href":"https:\/\/foxsom.com.br\/novo\/wp-json\/wp\/v2\/product_cat?post=1709"},{"taxonomy":"product_tag","embeddable":true,"href":"https:\/\/foxsom.com.br\/novo\/wp-json\/wp\/v2\/product_tag?post=1709"}],"curies":[{"name":"wp","href":"https:\/\/api.w.org\/{rel}","templated":true}]}}