{"id":1713,"date":"2025-05-30T11:56:32","date_gmt":"2025-05-30T14:56:32","guid":{"rendered":"https:\/\/foxsom.com.br\/novo\/?post_type=product&#038;p=1713"},"modified":"2025-10-17T17:41:36","modified_gmt":"2025-10-17T20:41:36","slug":"interface-sound-voice-lite-para-celular-violao-guitarra-it70","status":"publish","type":"product","link":"https:\/\/foxsom.com.br\/novo\/produto\/interface-sound-voice-lite-para-celular-violao-guitarra-it70\/","title":{"rendered":"Interface Sound Voice Lite Para Celular Viol\u00e3o Guitarra IT70"},"content":{"rendered":"<p>Buscando um modelo para amplificar o som do seu instrumento diretamente no seu smartphone ou transmitir uma conex\u00e3o direta de mesa de som? A interface Amplify IT-70 da Soundvoice Lite \u00e9 a solu\u00e7\u00e3o. O modelo proporciona acesso a v\u00e1rios efeitos e fun\u00e7\u00f5es, al\u00e9m da sua aplica\u00e7\u00e3o em live. Agora ficou f\u00e1cil amplificar seu som.<\/p>\n<h4>Especifica\u00e7\u00f5es:<\/h4>\n<ul>\n<li><strong>Input e output:<\/strong> p2 \/ p10<\/li>\n<li><strong>Conectividade:<\/strong> iPhone, iPod, iPad, Mac, Android e outros dispositivos com conex\u00e3o compat\u00edvel<\/li>\n<li><strong>Softwares:<\/strong> n\u00e3o incluso (download via Google Play e Apple Store)<\/li>\n<li><strong>Material:<\/strong> Pl\u00e1stico e PVC<\/li>\n<li><strong>Tamanho:<\/strong> 120mm<\/li>\n<li><strong>Cor:<\/strong> Preto<\/li>\n<\/ul>\n<h4>Conte\u00fado da embalagem (blister):<\/h4>\n<ul>\n<li>1 x Conversor de interface IT-70<\/li>\n<li>1 x Manual de instru\u00e7\u00f5es<\/li>\n<\/ul>\n","protected":false},"excerpt":{"rendered":"<p>A interface Amplify IT-70 da Soundvoice Lite permite amplificar o som do seu instrumento diretamente no smartphone ou conectar-se a mesas de som. \u00c9 ideal para performances ao vivo e oferece acesso a uma variedade de efeitos.<\/p>\n<h4>Especifica\u00e7\u00f5es:<\/h4>\n<ul>\n<li><strong>Conectividade:<\/strong> Compat\u00edvel com iPhone, iPod, iPad, Mac e Android<\/li>\n<li><strong>Material:<\/strong> Pl\u00e1stico e PVC<\/li>\n<li><strong>Cor:<\/strong> Preto<\/li>\n<\/ul>\n<p>Conte\u00fado da embalagem: 1 conversor de interface IT-70 e 1 manual de instru\u00e7\u00f5es.<\/p>\n","protected":false},"featured_media":1714,"comment_status":"open","ping_status":"closed","template":"","meta":{"_joinchat":[]},"product_brand":[],"product_cat":[22],"product_tag":[],"class_list":{"0":"post-1713","1":"product","2":"type-product","3":"status-publish","4":"has-post-thumbnail","6":"product_cat-audio-e-tecnologia","8":"first","9":"instock","10":"featured","11":"shipping-taxable","12":"purchasable","13":"product-type-simple"},"_links":{"self":[{"href":"https:\/\/foxsom.com.br\/novo\/wp-json\/wp\/v2\/product\/1713","targetHints":{"allow":["GET"]}}],"collection":[{"href":"https:\/\/foxsom.com.br\/novo\/wp-json\/wp\/v2\/product"}],"about":[{"href":"https:\/\/foxsom.com.br\/novo\/wp-json\/wp\/v2\/types\/product"}],"replies":[{"embeddable":true,"href":"https:\/\/foxsom.com.br\/novo\/wp-json\/wp\/v2\/comments?post=1713"}],"version-history":[{"count":2,"href":"https:\/\/foxsom.com.br\/novo\/wp-json\/wp\/v2\/product\/1713\/revisions"}],"predecessor-version":[{"id":1891,"href":"https:\/\/foxsom.com.br\/novo\/wp-json\/wp\/v2\/product\/1713\/revisions\/1891"}],"wp:featuredmedia":[{"embeddable":true,"href":"https:\/\/foxsom.com.br\/novo\/wp-json\/wp\/v2\/media\/1714"}],"wp:attachment":[{"href":"https:\/\/foxsom.com.br\/novo\/wp-json\/wp\/v2\/media?parent=1713"}],"wp:term":[{"taxonomy":"product_brand","embeddable":true,"href":"https:\/\/foxsom.com.br\/novo\/wp-json\/wp\/v2\/product_brand?post=1713"},{"taxonomy":"product_cat","embeddable":true,"href":"https:\/\/foxsom.com.br\/novo\/wp-json\/wp\/v2\/product_cat?post=1713"},{"taxonomy":"product_tag","embeddable":true,"href":"https:\/\/foxsom.com.br\/novo\/wp-json\/wp\/v2\/product_tag?post=1713"}],"curies":[{"name":"wp","href":"https:\/\/api.w.org\/{rel}","templated":true}]}}