{"id":1715,"date":"2025-05-30T11:57:41","date_gmt":"2025-05-30T14:57:41","guid":{"rendered":"https:\/\/foxsom.com.br\/novo\/?post_type=product&#038;p=1715"},"modified":"2025-05-30T18:11:52","modified_gmt":"2025-05-30T21:11:52","slug":"captador-para-violao-studio-pro-6-cordas-nylon-com-jack-tron","status":"publish","type":"product","link":"https:\/\/foxsom.com.br\/novo\/produto\/captador-para-violao-studio-pro-6-cordas-nylon-com-jack-tron\/","title":{"rendered":"Captador para Viol\u00e3o Studio Pro 6 Cordas Nylon com Jack Tron"},"content":{"rendered":"<p>O <strong>Captador para Viol\u00e3o Studio Pro 6 Cordas Nylon com Jack Tron<\/strong> \u00e9 f\u00e1cil de instalar e foi desenvolvido e testado para oferecer caracter\u00edsticas sonoras equivalentes aos melhores captadores do mundo. Seu design alia simplicidade de instala\u00e7\u00e3o a um baixo custo, proporcionando alto desempenho e grande defini\u00e7\u00e3o em todos os pontos da escala.<\/p>\n<h3>Caracter\u00edsticas do Produto:<\/h3>\n<ul>\n<li><strong>Marca:<\/strong> Tron<\/li>\n<li><strong>Modelo:<\/strong> Studio Pro<\/li>\n<li><strong>Indica\u00e7\u00e3o:<\/strong> Viol\u00e3o nylon<\/li>\n<li><strong>Jack para plug:<\/strong> P10<\/li>\n<li><strong>Captador:<\/strong> Rastilho<\/li>\n<li><strong>Comprimento:<\/strong> 6,9 cm<\/li>\n<li><strong>Comprimento do cabo:<\/strong> 32 cm<\/li>\n<\/ul>\n","protected":false},"excerpt":{"rendered":"<p>O <strong>Captador para Viol\u00e3o Studio Pro 6 Cordas Nylon com Jack Tron<\/strong> \u00e9 ideal para quem busca qualidade sonora e facilidade de instala\u00e7\u00e3o. Desenvolvido para oferecimento de desempenho superior, este captador proporciona:<\/p>\n<ul>\n<li><strong>Alto desempenho<\/strong> em todas as notas da escala.<\/li>\n<li><strong>Instala\u00e7\u00e3o simples<\/strong>, com baixo custo.<\/li>\n<li><strong>Compatibilidade<\/strong> com viol\u00f5es de nylon.<\/li>\n<\/ul>\n<p><strong>Especifica\u00e7\u00f5es:<\/strong><\/p>\n<ul>\n<li><strong>Marca:<\/strong> Tron<\/li>\n<li><strong>Modelo:<\/strong> Studio Pro<\/li>\n<li><strong>Jack:<\/strong> P10<\/li>\n<li><strong>Comprimento:<\/strong> 6,9 cm<\/li>\n<li><strong>Comprimento do cabo:<\/strong> 32 cm<\/li>\n<\/ul>\n","protected":false},"featured_media":1716,"comment_status":"open","ping_status":"closed","template":"","meta":{"_joinchat":[]},"product_brand":[],"product_cat":[28],"product_tag":[],"class_list":{"0":"post-1715","1":"product","2":"type-product","3":"status-publish","4":"has-post-thumbnail","6":"product_cat-violao","8":"first","9":"instock","10":"featured","11":"shipping-taxable","12":"purchasable","13":"product-type-simple"},"_links":{"self":[{"href":"https:\/\/foxsom.com.br\/novo\/wp-json\/wp\/v2\/product\/1715","targetHints":{"allow":["GET"]}}],"collection":[{"href":"https:\/\/foxsom.com.br\/novo\/wp-json\/wp\/v2\/product"}],"about":[{"href":"https:\/\/foxsom.com.br\/novo\/wp-json\/wp\/v2\/types\/product"}],"replies":[{"embeddable":true,"href":"https:\/\/foxsom.com.br\/novo\/wp-json\/wp\/v2\/comments?post=1715"}],"version-history":[{"count":2,"href":"https:\/\/foxsom.com.br\/novo\/wp-json\/wp\/v2\/product\/1715\/revisions"}],"predecessor-version":[{"id":1893,"href":"https:\/\/foxsom.com.br\/novo\/wp-json\/wp\/v2\/product\/1715\/revisions\/1893"}],"wp:featuredmedia":[{"embeddable":true,"href":"https:\/\/foxsom.com.br\/novo\/wp-json\/wp\/v2\/media\/1716"}],"wp:attachment":[{"href":"https:\/\/foxsom.com.br\/novo\/wp-json\/wp\/v2\/media?parent=1715"}],"wp:term":[{"taxonomy":"product_brand","embeddable":true,"href":"https:\/\/foxsom.com.br\/novo\/wp-json\/wp\/v2\/product_brand?post=1715"},{"taxonomy":"product_cat","embeddable":true,"href":"https:\/\/foxsom.com.br\/novo\/wp-json\/wp\/v2\/product_cat?post=1715"},{"taxonomy":"product_tag","embeddable":true,"href":"https:\/\/foxsom.com.br\/novo\/wp-json\/wp\/v2\/product_tag?post=1715"}],"curies":[{"name":"wp","href":"https:\/\/api.w.org\/{rel}","templated":true}]}}