{"id":1903,"date":"2025-05-30T18:48:48","date_gmt":"2025-05-30T21:48:48","guid":{"rendered":"https:\/\/foxsom.com.br\/novo\/?post_type=product&#038;p=1903"},"modified":"2025-06-02T14:58:04","modified_gmt":"2025-06-02T17:58:04","slug":"encordoam-p-violao-011-nanoweb-11027-custom-light-elixir","status":"publish","type":"product","link":"https:\/\/foxsom.com.br\/novo\/produto\/encordoam-p-violao-011-nanoweb-11027-custom-light-elixir\/","title":{"rendered":"Encordoam. p\/ Viol\u00e3o .011 NANOWEB 11027 Custom Light ELIXIR"},"content":{"rendered":"<div>\n<h2>Descri\u00e7\u00e3o do Produto<\/h2>\n<p>As cordas Elixir s\u00e3o projetadas para oferecer um tom brilhante e duradouro, permitindo que m\u00fasicos experientes em todo o mundo confiem nelas para manter sua sonoridade incr\u00edvel por mais tempo que qualquer outra corda dispon\u00edvel. Ao contr\u00e1rio de outras marcas, as cordas Elixir cobrem toda a superf\u00edcie, protegendo n\u00e3o apenas o exterior, mas tamb\u00e9m as lacunas entre os enrolamentos, onde a sujeira e a umidade podem se acumular.<\/p>\n<h3>Caracter\u00edsticas e Benef\u00edcios<\/h3>\n<ul>\n<li><strong>Tons mais duradouros:<\/strong> Mant\u00e9m o tom pronto para uso por mais tempo.<\/li>\n<li><strong>Resist\u00eancia \u00e0 corros\u00e3o:<\/strong> O revestimento antiferrugem oferece prote\u00e7\u00e3o, garantindo uma vida \u00fatil mais longa.<\/li>\n<li><strong>Sensa\u00e7\u00e3o confort\u00e1vel:<\/strong> Textura suave que facilita a jogabilidade e reduz o ru\u00eddo dos dedos.<\/li>\n<li><strong>Estabilidade de afina\u00e7\u00e3o:<\/strong> Prolonga o tempo entre afina\u00e7\u00f5es e trocas de cordas.<\/li>\n<li><strong>Constru\u00e7\u00e3o de alta qualidade:<\/strong> Feitas com fio de bronze 80\/20 (80% cobre, 20% zinco) para um tom n\u00edtido e vibrante.<\/li>\n<\/ul>\n<h3>Calibre do fio<\/h3>\n<p>Personalizado, .011<\/p>\n<h3>Tipo de Material da Corda<\/h3>\n<p>Bronze revestido<\/p>\n<h3>Instru\u00e7\u00f5es de Uso<\/h3>\n<p>Ao instalar as cordas, tenha cuidado para n\u00e3o danificar o instrumento. Siga as recomenda\u00e7\u00f5es do fabricante para a troca adequada e manuten\u00e7\u00e3o das cordas.<\/p>\n<\/div>\n","protected":false},"excerpt":{"rendered":"<div>\n<h2>Encordoamento Elixir p\/ Viol\u00e3o .011 NANOWEB 11027 Custom Light<\/h2>\n<p>As cordas Elixir com revestimento NANOWEB oferecem um som brilhante e duradouro, ideal para m\u00fasicos que buscam qualidade e resist\u00eancia. Fabricadas com fio de bronze 80\/20, garantem:<\/p>\n<ul>\n<li>Tons vibrantes e claros.<\/li>\n<li>Longa dura\u00e7\u00e3o e resist\u00eancia \u00e0 corros\u00e3o.<\/li>\n<li>Sensa\u00e7\u00e3o confort\u00e1vel durante o toque.<\/li>\n<li>Estabilidade superior de afina\u00e7\u00e3o.<\/li>\n<\/ul>\n<p>Calibre: .011. A escolha perfeita para quem deseja um desempenho confi\u00e1vel e um tom excepcional.<\/p>\n<\/div>\n","protected":false},"featured_media":1904,"comment_status":"open","ping_status":"closed","template":"","meta":{"_joinchat":[]},"product_brand":[],"product_cat":[21],"product_tag":[],"class_list":{"0":"post-1903","1":"product","2":"type-product","3":"status-publish","4":"has-post-thumbnail","6":"product_cat-cordas","8":"first","9":"instock","10":"featured","11":"shipping-taxable","12":"purchasable","13":"product-type-simple"},"_links":{"self":[{"href":"https:\/\/foxsom.com.br\/novo\/wp-json\/wp\/v2\/product\/1903","targetHints":{"allow":["GET"]}}],"collection":[{"href":"https:\/\/foxsom.com.br\/novo\/wp-json\/wp\/v2\/product"}],"about":[{"href":"https:\/\/foxsom.com.br\/novo\/wp-json\/wp\/v2\/types\/product"}],"replies":[{"embeddable":true,"href":"https:\/\/foxsom.com.br\/novo\/wp-json\/wp\/v2\/comments?post=1903"}],"version-history":[{"count":1,"href":"https:\/\/foxsom.com.br\/novo\/wp-json\/wp\/v2\/product\/1903\/revisions"}],"predecessor-version":[{"id":1919,"href":"https:\/\/foxsom.com.br\/novo\/wp-json\/wp\/v2\/product\/1903\/revisions\/1919"}],"wp:featuredmedia":[{"embeddable":true,"href":"https:\/\/foxsom.com.br\/novo\/wp-json\/wp\/v2\/media\/1904"}],"wp:attachment":[{"href":"https:\/\/foxsom.com.br\/novo\/wp-json\/wp\/v2\/media?parent=1903"}],"wp:term":[{"taxonomy":"product_brand","embeddable":true,"href":"https:\/\/foxsom.com.br\/novo\/wp-json\/wp\/v2\/product_brand?post=1903"},{"taxonomy":"product_cat","embeddable":true,"href":"https:\/\/foxsom.com.br\/novo\/wp-json\/wp\/v2\/product_cat?post=1903"},{"taxonomy":"product_tag","embeddable":true,"href":"https:\/\/foxsom.com.br\/novo\/wp-json\/wp\/v2\/product_tag?post=1903"}],"curies":[{"name":"wp","href":"https:\/\/api.w.org\/{rel}","templated":true}]}}