{"id":1977,"date":"2025-06-03T17:39:15","date_gmt":"2025-06-03T20:39:15","guid":{"rendered":"https:\/\/foxsom.com.br\/novo\/?post_type=product&#038;p=1977"},"modified":"2025-10-02T17:49:03","modified_gmt":"2025-10-02T20:49:03","slug":"encordoamento-cordas-violao-aco-daddario-010-mizinha-extra","status":"publish","type":"product","link":"https:\/\/foxsom.com.br\/novo\/produto\/encordoamento-cordas-violao-aco-daddario-010-mizinha-extra\/","title":{"rendered":"Encordoamento Cordas Viol\u00e3o A\u00e7o Daddario 010 + Mizinha Extra"},"content":{"rendered":"<p>Encordoamento Viol\u00e3o A\u00e7o Daddario 010 + Mi Extra Desperte o potencial sonoro do seu viol\u00e3o com o Encordoamento Daddario. Este conjunto de cordas foi cuidadosamente projetado para oferecer uma experi\u00eancia musical excepcional, proporcionando um timbre rico, equilibrado em todas as frequ\u00eancias. As cordas 85\/15 Bronze t\u00eam som brilhante e com muito sustain e muita pegada.<\/p>\n","protected":false},"excerpt":{"rendered":"<p>Encordoamento Viol\u00e3o A\u00e7o Daddario 010 + Mi Extra Desperte o potencial sonoro do seu viol\u00e3o com o Encordoamento Daddario. Este conjunto de cordas foi cuidadosamente projetado para oferecer uma experi\u00eancia musical excepcional, proporcionando um timbre rico, equilibrado em todas as frequ\u00eancias. As cordas 85\/15 Bronze t\u00eam som brilhante e com muito sustain e muita pegada.<\/p>\n","protected":false},"featured_media":2584,"comment_status":"open","ping_status":"closed","template":"","meta":{"_joinchat":[]},"product_brand":[],"product_cat":[21,28],"product_tag":[],"class_list":{"0":"post-1977","1":"product","2":"type-product","3":"status-publish","4":"has-post-thumbnail","6":"product_cat-cordas","7":"product_cat-violao","9":"first","10":"instock","11":"shipping-taxable","12":"purchasable","13":"product-type-simple"},"_links":{"self":[{"href":"https:\/\/foxsom.com.br\/novo\/wp-json\/wp\/v2\/product\/1977","targetHints":{"allow":["GET"]}}],"collection":[{"href":"https:\/\/foxsom.com.br\/novo\/wp-json\/wp\/v2\/product"}],"about":[{"href":"https:\/\/foxsom.com.br\/novo\/wp-json\/wp\/v2\/types\/product"}],"replies":[{"embeddable":true,"href":"https:\/\/foxsom.com.br\/novo\/wp-json\/wp\/v2\/comments?post=1977"}],"version-history":[{"count":1,"href":"https:\/\/foxsom.com.br\/novo\/wp-json\/wp\/v2\/product\/1977\/revisions"}],"predecessor-version":[{"id":1982,"href":"https:\/\/foxsom.com.br\/novo\/wp-json\/wp\/v2\/product\/1977\/revisions\/1982"}],"wp:featuredmedia":[{"embeddable":true,"href":"https:\/\/foxsom.com.br\/novo\/wp-json\/wp\/v2\/media\/2584"}],"wp:attachment":[{"href":"https:\/\/foxsom.com.br\/novo\/wp-json\/wp\/v2\/media?parent=1977"}],"wp:term":[{"taxonomy":"product_brand","embeddable":true,"href":"https:\/\/foxsom.com.br\/novo\/wp-json\/wp\/v2\/product_brand?post=1977"},{"taxonomy":"product_cat","embeddable":true,"href":"https:\/\/foxsom.com.br\/novo\/wp-json\/wp\/v2\/product_cat?post=1977"},{"taxonomy":"product_tag","embeddable":true,"href":"https:\/\/foxsom.com.br\/novo\/wp-json\/wp\/v2\/product_tag?post=1977"}],"curies":[{"name":"wp","href":"https:\/\/api.w.org\/{rel}","templated":true}]}}