{"id":2008,"date":"2025-06-09T15:23:08","date_gmt":"2025-06-09T18:23:08","guid":{"rendered":"https:\/\/foxsom.com.br\/novo\/?post_type=product&#038;p=2008"},"modified":"2025-06-09T15:43:59","modified_gmt":"2025-06-09T18:43:59","slug":"capotraste-plastico-para-contrabaixo-jazz-bass-4-cordas-p7-preto","status":"publish","type":"product","link":"https:\/\/foxsom.com.br\/novo\/produto\/capotraste-plastico-para-contrabaixo-jazz-bass-4-cordas-p7-preto\/","title":{"rendered":"Capotraste Plastico para Contrabaixo Jazz Bass 4 Cordas P7 Preto"},"content":{"rendered":"<p>O capotraste (nut) P7 \u00e9 confeccionado em material pl\u00e1stico resistente, ideal para contrabaixos modelo Jazz Bass 4 cordas. Com dimens\u00f5es espec\u00edficas de 6mm de altura, 42,5mm de largura e 3mm de espessura, proporciona um ajuste preciso ao instrumento, garantindo estabilidade nas cordas e melhor performance sonora.<\/p>\n<p>Seu espa\u00e7amento de 9,5mm entre as cordas assegura o conforto na execu\u00e7\u00e3o e a manuten\u00e7\u00e3o da afina\u00e7\u00e3o adequada. De cor preta, ele combina com o visual cl\u00e1ssico do Jazz Bass. Leve, com peso l\u00edquido de 10g, \u00e9 f\u00e1cil de instalar e ideal para quem busca qualidade e funcionalidade em equipamentos para som.<\/p>\n<p>Na Fox Som, loja de som em Porto Seguro, voc\u00ea encontra este e outros acess\u00f3rios para seu instrumento musical, al\u00e9m de uma linha completa de instrumentos, som e ilumina\u00e7\u00e3o profissional.<\/p>\n<p>&nbsp;<\/p>\n","protected":false},"excerpt":{"rendered":"<p>Capotraste de pl\u00e1stico preto, especialmente desenvolvido para contrabaixos modelo Jazz Bass 4 cordas, garantindo ajuste perfeito e durabilidade.<\/p>\n","protected":false},"featured_media":2009,"comment_status":"open","ping_status":"closed","template":"","meta":{"_joinchat":[]},"product_brand":[],"product_cat":[84,21],"product_tag":[],"class_list":{"0":"post-2008","1":"product","2":"type-product","3":"status-publish","4":"has-post-thumbnail","6":"product_cat-acessorios","7":"product_cat-cordas","9":"first","10":"instock","11":"shipping-taxable","12":"purchasable","13":"product-type-simple"},"_links":{"self":[{"href":"https:\/\/foxsom.com.br\/novo\/wp-json\/wp\/v2\/product\/2008","targetHints":{"allow":["GET"]}}],"collection":[{"href":"https:\/\/foxsom.com.br\/novo\/wp-json\/wp\/v2\/product"}],"about":[{"href":"https:\/\/foxsom.com.br\/novo\/wp-json\/wp\/v2\/types\/product"}],"replies":[{"embeddable":true,"href":"https:\/\/foxsom.com.br\/novo\/wp-json\/wp\/v2\/comments?post=2008"}],"version-history":[{"count":2,"href":"https:\/\/foxsom.com.br\/novo\/wp-json\/wp\/v2\/product\/2008\/revisions"}],"predecessor-version":[{"id":2028,"href":"https:\/\/foxsom.com.br\/novo\/wp-json\/wp\/v2\/product\/2008\/revisions\/2028"}],"wp:featuredmedia":[{"embeddable":true,"href":"https:\/\/foxsom.com.br\/novo\/wp-json\/wp\/v2\/media\/2009"}],"wp:attachment":[{"href":"https:\/\/foxsom.com.br\/novo\/wp-json\/wp\/v2\/media?parent=2008"}],"wp:term":[{"taxonomy":"product_brand","embeddable":true,"href":"https:\/\/foxsom.com.br\/novo\/wp-json\/wp\/v2\/product_brand?post=2008"},{"taxonomy":"product_cat","embeddable":true,"href":"https:\/\/foxsom.com.br\/novo\/wp-json\/wp\/v2\/product_cat?post=2008"},{"taxonomy":"product_tag","embeddable":true,"href":"https:\/\/foxsom.com.br\/novo\/wp-json\/wp\/v2\/product_tag?post=2008"}],"curies":[{"name":"wp","href":"https:\/\/api.w.org\/{rel}","templated":true}]}}