{"id":2105,"date":"2025-06-11T15:11:42","date_gmt":"2025-06-11T18:11:42","guid":{"rendered":"https:\/\/foxsom.com.br\/novo\/?post_type=product&#038;p=2105"},"modified":"2025-06-11T15:17:42","modified_gmt":"2025-06-11T18:17:42","slug":"violao-nailon-eletroacustico-giannini-roadman-grmn-n-natural","status":"publish","type":"product","link":"https:\/\/foxsom.com.br\/novo\/produto\/violao-nailon-eletroacustico-giannini-roadman-grmn-n-natural\/","title":{"rendered":"Viol\u00e3o N\u00e1ilon Eletroac\u00fastico Giannini Roadman GRMN N Natural"},"content":{"rendered":"<p>O viol\u00e3o eletroac\u00fastico Giannini Roadman GRMN N \u00e9 a escolha perfeita para m\u00fasicos que desejam portabilidade aliada a qualidade sonora. Seu design inovador apresenta laterais desmont\u00e1veis em madeira Sapele\/Poplar, permitindo que voc\u00ea o transporte com facilidade na bag pr\u00f3pria, sem ocupar espa\u00e7o ou comprometer o formato cl\u00e1ssico do instrumento.<\/p>\n<p>Equipado com cordas de n\u00e1ilon, o Giannini Roadman oferece timbre confort\u00e1vel e robusto, ideal para diversos estilos musicais. O pr\u00e9-amplificador GT-100 \u00e9 completo, incorporando sistema Bluetooth para conectar dispositivos sem fio, sa\u00edda para fones de ouvido para pr\u00e1tica silenciosa, efeitos de Chorus e Delay para enriquecer seu som, entrada auxiliar e afinador crom\u00e1tico integrado, tudo pensando na versatilidade dos seus ensaios e apresenta\u00e7\u00f5es.<\/p>\n<p>Dispon\u00edvel na cor Natural, esse viol\u00e3o une conforto, leveza e funcionalidade, sendo uma excelente op\u00e7\u00e3o em instrumentos musicais na Fox Som, sua loja de som e instrumentos em Porto Seguro. Se voc\u00ea procura um equipamento de som pr\u00e1tico, moderno e de qualidade, o Giannini Roadman \u00e9 a solu\u00e7\u00e3o para suas necessidades musicais.<\/p>\n","protected":false},"excerpt":{"rendered":"<p>O Giannini Roadman \u00e9 um viol\u00e3o n\u00e1ilon eletroac\u00fastico port\u00e1til com laterais desmont\u00e1veis para f\u00e1cil transporte. Conta com pr\u00e9-amplificador GT-100 com Bluetooth, efeitos, afinador crom\u00e1tico e sa\u00edda para fones, ideal para ensaios em qualquer lugar.<\/p>\n","protected":false},"featured_media":2106,"comment_status":"open","ping_status":"closed","template":"","meta":{"_joinchat":[]},"product_brand":[],"product_cat":[28],"product_tag":[],"class_list":{"0":"post-2105","1":"product","2":"type-product","3":"status-publish","4":"has-post-thumbnail","6":"product_cat-violao","8":"first","9":"instock","10":"shipping-taxable","11":"purchasable","12":"product-type-simple"},"_links":{"self":[{"href":"https:\/\/foxsom.com.br\/novo\/wp-json\/wp\/v2\/product\/2105","targetHints":{"allow":["GET"]}}],"collection":[{"href":"https:\/\/foxsom.com.br\/novo\/wp-json\/wp\/v2\/product"}],"about":[{"href":"https:\/\/foxsom.com.br\/novo\/wp-json\/wp\/v2\/types\/product"}],"replies":[{"embeddable":true,"href":"https:\/\/foxsom.com.br\/novo\/wp-json\/wp\/v2\/comments?post=2105"}],"version-history":[{"count":1,"href":"https:\/\/foxsom.com.br\/novo\/wp-json\/wp\/v2\/product\/2105\/revisions"}],"predecessor-version":[{"id":2107,"href":"https:\/\/foxsom.com.br\/novo\/wp-json\/wp\/v2\/product\/2105\/revisions\/2107"}],"wp:featuredmedia":[{"embeddable":true,"href":"https:\/\/foxsom.com.br\/novo\/wp-json\/wp\/v2\/media\/2106"}],"wp:attachment":[{"href":"https:\/\/foxsom.com.br\/novo\/wp-json\/wp\/v2\/media?parent=2105"}],"wp:term":[{"taxonomy":"product_brand","embeddable":true,"href":"https:\/\/foxsom.com.br\/novo\/wp-json\/wp\/v2\/product_brand?post=2105"},{"taxonomy":"product_cat","embeddable":true,"href":"https:\/\/foxsom.com.br\/novo\/wp-json\/wp\/v2\/product_cat?post=2105"},{"taxonomy":"product_tag","embeddable":true,"href":"https:\/\/foxsom.com.br\/novo\/wp-json\/wp\/v2\/product_tag?post=2105"}],"curies":[{"name":"wp","href":"https:\/\/api.w.org\/{rel}","templated":true}]}}