{"id":2264,"date":"2025-06-16T18:10:51","date_gmt":"2025-06-16T21:10:51","guid":{"rendered":"https:\/\/foxsom.com.br\/novo\/?post_type=product&#038;p=2264"},"modified":"2025-06-23T09:58:48","modified_gmt":"2025-06-23T12:58:48","slug":"ukulele-strinberg-soprano-acustico-uk06s-tobacco-fosco-bag","status":"publish","type":"product","link":"https:\/\/foxsom.com.br\/novo\/produto\/ukulele-strinberg-soprano-acustico-uk06s-tobacco-fosco-bag\/","title":{"rendered":"Ukulele Strinberg Soprano Ac\u00fastico UK06S Tobacco Fosco Bag"},"content":{"rendered":"<p>O Ukulele Soprano Strinberg possui uma \u00f3tima sonoridade, boa tocabilidade e um bel\u00edssimo acabamento. \u00c9 ideal para aqueles que est\u00e3o precisando de um novo Ukulele ou para quem quer come\u00e7ar a tocar um instrumento.<\/p>\n<p>\u00c9 um produto de alta qualidade que a Strinberg pode oferecer! Desde a sele\u00e7\u00e3o dos materiais at\u00e9 sua fabrica\u00e7\u00e3o final, proporciona um acabamento capaz de satisfazer qualquer pessoa. Com esse Ukulele, voc\u00ea ganhar\u00e1 um companheiro para compartilhar suas m\u00fasicas favoritas e ele ainda acompanha uma bag para ser levado com seguran\u00e7a para onde voc\u00ea quiser.<\/p>\n<p>A Strinberg teve seu legado iniciado na d\u00e9cada de 90 com o objetivo de projetar uma linha de instrumentos de cordas com estilo original. Desde ent\u00e3o, oferece uma ampla gama de produtos que v\u00e3o desde viol\u00f5es, guitarras, baixos, encordoamentos, acess\u00f3rios e muito mais. Seus produtos s\u00e3o fabricados com os mais altos padr\u00f5es de qualidade e as mais modernas t\u00e9cnicas. Portanto, se voc\u00ea est\u00e1 \u00e0 procura de instrumentos musicais de alto padr\u00e3o, a Strinberg \u00e9 uma \u00f3tima op\u00e7\u00e3o.<\/p>\n<h3>Caracter\u00edsticas:<\/h3>\n<ul>\n<li>Marca: Strinberg<\/li>\n<li>Modelo: UK06S TOS<\/li>\n<li>Cor: Tobacco<\/li>\n<li>Acabamento: Fosco<\/li>\n<li>Tampo: Laminado<\/li>\n<li>Madeira: Mahogany<\/li>\n<li>Lateral e Fundo: Laminado (Madeira: Mahogany)<\/li>\n<li>Roseta: Madeira<\/li>\n<li>Bra\u00e7o: Nato<\/li>\n<li>Escala: Blackwood<\/li>\n<li>Trastes: 12<\/li>\n<li>Nut (Pestana): 34,5 mm<\/li>\n<li>Material do Nut: Pl\u00e1stico<\/li>\n<li>Cavalete: Blackwood<\/li>\n<li>Capta\u00e7\u00e3o: Modelo Ac\u00fastico<\/li>\n<li>Tarraxas: Cromadas Com Borboletas Pretas<\/li>\n<li>Comprimento Total: 54 cm<\/li>\n<li>Largura: 18 cm<\/li>\n<li>Altura: 6 cm<\/li>\n<li>Garantia: 3 meses<\/li>\n<li>Acompanha Bag<\/li>\n<\/ul>\n<p><strong>Fotos ilustrativas:<\/strong> As cores dos objetos podem sofrer altera\u00e7\u00f5es devido \u00e0 luminosidade, configura\u00e7\u00f5es do monitor e at\u00e9 mesmo \u00e0 percep\u00e7\u00e3o do usu\u00e1rio.<\/p>\n<p>&nbsp;<\/p>\n","protected":false},"excerpt":{"rendered":"<p>O Ukulele Soprano Strinberg \u00e9 perfeito para iniciantes e m\u00fasicos experientes, oferecendo excelente sonoridade e tocabilidade. Fabricado com materiais de alta qualidade, este instrumento vem com um belo acabamento e acompanha uma bag para transporte seguro.<\/p>\n<h3>Caracter\u00edsticas principais:<\/h3>\n<ul>\n<li>Modelo: UK06S TOS<\/li>\n<li>Cor: Tobacco<\/li>\n<li>Acabamento: Fosco<\/li>\n<li>Material: Mahogany<\/li>\n<li>Trastes: 12<\/li>\n<li>Garantia: 3 meses<\/li>\n<\/ul>\n<p>&nbsp;<\/p>\n","protected":false},"featured_media":2265,"comment_status":"open","ping_status":"closed","template":"","meta":{"_joinchat":[]},"product_brand":[],"product_cat":[35],"product_tag":[],"class_list":{"0":"post-2264","1":"product","2":"type-product","3":"status-publish","4":"has-post-thumbnail","6":"product_cat-ukulele-guitalele","8":"first","9":"instock","10":"featured","11":"shipping-taxable","12":"purchasable","13":"product-type-simple"},"_links":{"self":[{"href":"https:\/\/foxsom.com.br\/novo\/wp-json\/wp\/v2\/product\/2264","targetHints":{"allow":["GET"]}}],"collection":[{"href":"https:\/\/foxsom.com.br\/novo\/wp-json\/wp\/v2\/product"}],"about":[{"href":"https:\/\/foxsom.com.br\/novo\/wp-json\/wp\/v2\/types\/product"}],"replies":[{"embeddable":true,"href":"https:\/\/foxsom.com.br\/novo\/wp-json\/wp\/v2\/comments?post=2264"}],"version-history":[{"count":1,"href":"https:\/\/foxsom.com.br\/novo\/wp-json\/wp\/v2\/product\/2264\/revisions"}],"predecessor-version":[{"id":2333,"href":"https:\/\/foxsom.com.br\/novo\/wp-json\/wp\/v2\/product\/2264\/revisions\/2333"}],"wp:featuredmedia":[{"embeddable":true,"href":"https:\/\/foxsom.com.br\/novo\/wp-json\/wp\/v2\/media\/2265"}],"wp:attachment":[{"href":"https:\/\/foxsom.com.br\/novo\/wp-json\/wp\/v2\/media?parent=2264"}],"wp:term":[{"taxonomy":"product_brand","embeddable":true,"href":"https:\/\/foxsom.com.br\/novo\/wp-json\/wp\/v2\/product_brand?post=2264"},{"taxonomy":"product_cat","embeddable":true,"href":"https:\/\/foxsom.com.br\/novo\/wp-json\/wp\/v2\/product_cat?post=2264"},{"taxonomy":"product_tag","embeddable":true,"href":"https:\/\/foxsom.com.br\/novo\/wp-json\/wp\/v2\/product_tag?post=2264"}],"curies":[{"name":"wp","href":"https:\/\/api.w.org\/{rel}","templated":true}]}}