{"id":2286,"date":"2025-06-17T07:53:12","date_gmt":"2025-06-17T10:53:12","guid":{"rendered":"https:\/\/foxsom.com.br\/novo\/?post_type=product&#038;p=2286"},"modified":"2025-09-04T14:47:28","modified_gmt":"2025-09-04T17:47:28","slug":"violao-eletroacustica-strinberg-black-sl200c-para-destros-mahogany-satin","status":"publish","type":"product","link":"https:\/\/foxsom.com.br\/novo\/produto\/violao-eletroacustica-strinberg-black-sl200c-para-destros-mahogany-satin\/","title":{"rendered":"Viol\u00e3o Eletroac\u00fastica Strinberg Black SL200C para Destros Mahogany Satin"},"content":{"rendered":"<p>Desfrute com este viol\u00e3o Strinberg da conex\u00e3o com a m\u00fasica. Ele \u00e9 projetado para amadores e profissionais. Com este instrumento voc\u00ea vai descobrir novos acordes, cantar suas can\u00e7\u00f5es e vai desfrutar da vida musical.<\/p>\n<p>Um modelo para cada guitarrista: a tampa de sapele apresenta um excelente acabamento, o que lhe d\u00e1 uma boa proje\u00e7\u00e3o de som.<\/p>\n<h3>Caracter\u00edsticas do Produto:<\/h3>\n<ul>\n<li><strong>Acabamento do corpo:<\/strong> Satin<\/li>\n<li><strong>Orienta\u00e7\u00e3o da m\u00e3o:<\/strong> Destro<\/li>\n<li><strong>Constru\u00eddo em:<\/strong> Sapele<\/li>\n<li><strong>Forma do corpo:<\/strong> Flat<\/li>\n<li><strong>Comprimento da escala:<\/strong> 655mm<\/li>\n<li><strong>Quantidade de cordas:<\/strong> 6 (N\u00e1ilon)<\/li>\n<li><strong>Conector:<\/strong> Jack de sa\u00edda<\/li>\n<li><strong>Quantidade de trastes:<\/strong> 20<\/li>\n<\/ul>\n<h3>Especifica\u00e7\u00f5es Gerais:<\/h3>\n<ul>\n<li><strong>Marca:<\/strong> Strinberg<\/li>\n<li><strong>Modelo:<\/strong> SL200C<\/li>\n<li><strong>Cor:<\/strong> Mahogany<\/li>\n<li><strong>Tipo de viol\u00e3o:<\/strong> Eletroac\u00fastica<\/li>\n<li><strong>\u00c9 infantil:<\/strong> N\u00e3o<\/li>\n<li><strong>Com corte:<\/strong> Sim<\/li>\n<li><strong>Inclui capa:<\/strong> N\u00e3o<\/li>\n<\/ul>\n<p>Este viol\u00e3o \u00e9 ideal para quem busca qualidade sonora e conforto ao tocar, sendo uma escolha perfeita para iniciar ou aprimorar suas habilidades musicais.<\/p>\n<p>&nbsp;<\/p>\n","protected":false},"excerpt":{"rendered":"<p>Vivencie a m\u00fasica com o Viol\u00e3o Eletroac\u00fastico Strinberg SL200C, projetado para amadores e profissionais. Com um corpo flat em acabamento satin, ele proporciona excelente proje\u00e7\u00e3o sonora.<\/p>\n<h3>Caracter\u00edsticas Principais:<\/h3>\n<ul>\n<li><strong>Material:<\/strong> Sapele<\/li>\n<li><strong>Cordas:<\/strong> 6 de N\u00e1ilon<\/li>\n<li><strong>Comprimento da escala:<\/strong> 655mm<\/li>\n<li><strong>Conector:<\/strong> Jack de sa\u00edda<\/li>\n<li><strong>Trastes:<\/strong> 20<\/li>\n<\/ul>\n<p>Perfeito para quem busca qualidade sonora e conforto ao tocar.<\/p>\n<p>&nbsp;<\/p>\n","protected":false},"featured_media":2581,"comment_status":"open","ping_status":"closed","template":"","meta":{"_joinchat":[]},"product_brand":[],"product_cat":[28],"product_tag":[],"class_list":{"0":"post-2286","1":"product","2":"type-product","3":"status-publish","4":"has-post-thumbnail","6":"product_cat-violao","8":"first","9":"instock","10":"featured","11":"shipping-taxable","12":"purchasable","13":"product-type-simple"},"_links":{"self":[{"href":"https:\/\/foxsom.com.br\/novo\/wp-json\/wp\/v2\/product\/2286","targetHints":{"allow":["GET"]}}],"collection":[{"href":"https:\/\/foxsom.com.br\/novo\/wp-json\/wp\/v2\/product"}],"about":[{"href":"https:\/\/foxsom.com.br\/novo\/wp-json\/wp\/v2\/types\/product"}],"replies":[{"embeddable":true,"href":"https:\/\/foxsom.com.br\/novo\/wp-json\/wp\/v2\/comments?post=2286"}],"version-history":[{"count":2,"href":"https:\/\/foxsom.com.br\/novo\/wp-json\/wp\/v2\/product\/2286\/revisions"}],"predecessor-version":[{"id":2318,"href":"https:\/\/foxsom.com.br\/novo\/wp-json\/wp\/v2\/product\/2286\/revisions\/2318"}],"wp:featuredmedia":[{"embeddable":true,"href":"https:\/\/foxsom.com.br\/novo\/wp-json\/wp\/v2\/media\/2581"}],"wp:attachment":[{"href":"https:\/\/foxsom.com.br\/novo\/wp-json\/wp\/v2\/media?parent=2286"}],"wp:term":[{"taxonomy":"product_brand","embeddable":true,"href":"https:\/\/foxsom.com.br\/novo\/wp-json\/wp\/v2\/product_brand?post=2286"},{"taxonomy":"product_cat","embeddable":true,"href":"https:\/\/foxsom.com.br\/novo\/wp-json\/wp\/v2\/product_cat?post=2286"},{"taxonomy":"product_tag","embeddable":true,"href":"https:\/\/foxsom.com.br\/novo\/wp-json\/wp\/v2\/product_tag?post=2286"}],"curies":[{"name":"wp","href":"https:\/\/api.w.org\/{rel}","templated":true}]}}